{"id":545,"date":"2024-11-12T10:05:23","date_gmt":"2024-11-12T09:05:23","guid":{"rendered":"https:\/\/clubbridge3forets-chantilly.fr\/accueil\/?page_id=545"},"modified":"2024-11-12T10:05:23","modified_gmt":"2024-11-12T09:05:23","slug":"recherchepart","status":"publish","type":"page","link":"https:\/\/clubbridge3forets-chantilly.fr\/accueil\/recherchepart\/","title":{"rendered":"Partenaires"},"content":{"rendered":"<div class:boite>\r\n\r\n\t<br \/> <label>Pour trouver un partenaire remplir le formulaire.<br \/>\r\n\t\tPuis cliquer sur le bouton envoyer. <br \/> Ces informations seront\r\n\t\ttransmises \u00e0 la personne responsable du tournoi<br \/> Pour \u00e9viter un\r\n\t\tusage abusif de cette fonctionnalit\u00e9, elle est r\u00e9serv\u00e9e aux membres du\r\n\t\tclub des trois for\u00eats.<br \/> Pour cela merci d'indiquer votre num\u00e9ro\r\n\t\tFFB<br \/>\r\n\t<\/label> <br \/> <br \/>\r\n\t<center>\r\n\t\t<div class=\"bandeau_saisie_tournoi_L\">\r\n\r\n\t\t\t<form name=\"saisAdherent\" method=\"POST\" enctype=\"multipart\/form-data\">\r\n\t\t\t\t<div class=\"row\"><\/div>\r\n\t\t\t\t<div class=\"row\">\r\n\t\t\t\t\t<div class=\"col-sm-4\">\r\n\t\t\t\t\t\t<label class=\"libelle_ss\"> Date du tournoi *<\/label>\r\n\t\t\t\t\t<\/div>\r\n\t\t\t\t\t<div class=\"col-sm-6\">\r\n\t\t\t\t\t\t<input class=\"saisie\" type=\"date\"\r\n\t\t\t\t\t\t\tstyle=\"font-family: Arial Narrow; color: black; font-size: 14px\"\r\n\t\t\t\t\t\t\tname=\"dateTournoi\" value=\"\" \/>\r\n\t\t\t\t\t<\/div>\r\n\t\t\t\t<\/div>\r\n\t\t\t\t<div class=\"row\">\r\n\t\t\t\t\t<div class=\"col-sm-4\">\r\n\t\t\t\t\t\t<label class=\"libelle_ss\"> Num\u00e9ro FFB<\/label>\r\n\t\t\t\t\t<\/div>\r\n\t\t\t\t\t<div class=\"col-sm-6\">\r\n\t\t\t\t\t\t<input class=\"saisie\" type=\"text\"\r\n\t\t\t\t\t\t\tstyle=\"font-family: Arial Narrow; color: black; font-size: 14px\"\r\n\t\t\t\t\t\t\tname=\"numFFB\" \/>\r\n\t\t\t\t\t<\/div>\r\n\t\t\t\t<\/div>\r\n\t\t\t\t<!--fin du row nom adherent-->\r\n\r\n\t\t\t\t<div>\r\n\t\t\t\t\t<div class=\"col-sm-4\">\r\n\t\t\t\t\t\t<label class=\"libelle_ss\"> Commentaire <\/label>\r\n\t\t\t\t\t<\/div>\r\n\t\t\t\t\t<div class=\"col-sm-6\">\r\n\t\t\t\t\t\t<TEXTAREA class=\"saisie\" name=\"com\" rows=10 cols=40> <\/TEXTAREA>\r\n\t\t\t\t\t<\/div>\r\n\t\t\t\t\t<br \/>\r\n\t\t\t\t<\/div>\r\n\t\t\t\t<br \/> <label class=\"libelle_courant_alert\">* La date du tournoi est\r\n\t\t\t\t\tobligatoire<\/label> <br \/>\r\n\t\t\t\t<center>\r\n\t\t\t\t\t<input class=\"bouton_ss\" type=\"submit\" name=\"butEnvoyer\"\r\n\t\t\t\t\t\tvalue=\"Envoyer\" action=\"https:\/\/clubbridge3forets-chantilly.fr.\/partenaire\" \/>\r\n\t\t\t\t<\/center>\r\n\t\t\t<\/form>\r\n\r\n\t\t<\/div>\r\n\n","protected":false},"excerpt":{"rendered":"","protected":false},"author":4,"featured_media":0,"parent":0,"menu_order":0,"comment_status":"closed","ping_status":"closed","template":"","meta":{"footnotes":""},"class_list":["post-545","page","type-page","status-publish","hentry"],"yoast_head":"<!-- This site is optimized with the Yoast SEO plugin v27.6 - https:\/\/yoast.com\/product\/yoast-seo-wordpress\/ -->\n<title>Partenaires - C3F<\/title>\n<meta name=\"robots\" content=\"index, follow, max-snippet:-1, max-image-preview:large, max-video-preview:-1\" \/>\n<link rel=\"canonical\" href=\"https:\/\/clubbridge3forets-chantilly.fr\/accueil\/recherchepart\/\" \/>\n<meta property=\"og:locale\" content=\"fr_FR\" \/>\n<meta property=\"og:type\" content=\"article\" \/>\n<meta property=\"og:title\" content=\"Partenaires - C3F\" \/>\n<meta property=\"og:url\" content=\"https:\/\/clubbridge3forets-chantilly.fr\/accueil\/recherchepart\/\" \/>\n<meta property=\"og:site_name\" content=\"C3F\" \/>\n<meta name=\"twitter:label1\" content=\"Dur\u00e9e de lecture estim\u00e9e\" \/>\n\t<meta name=\"twitter:data1\" content=\"1 minute\" \/>\n<script type=\"application\/ld+json\" class=\"yoast-schema-graph\">{\"@context\":\"https:\\\/\\\/schema.org\",\"@graph\":[{\"@type\":\"WebPage\",\"@id\":\"https:\\\/\\\/clubbridge3forets-chantilly.fr\\\/accueil\\\/recherchepart\\\/\",\"url\":\"https:\\\/\\\/clubbridge3forets-chantilly.fr\\\/accueil\\\/recherchepart\\\/\",\"name\":\"Partenaires - C3F\",\"isPartOf\":{\"@id\":\"https:\\\/\\\/clubbridge3forets-chantilly.fr\\\/accueil\\\/#website\"},\"datePublished\":\"2024-11-12T09:05:23+00:00\",\"breadcrumb\":{\"@id\":\"https:\\\/\\\/clubbridge3forets-chantilly.fr\\\/accueil\\\/recherchepart\\\/#breadcrumb\"},\"inLanguage\":\"fr-FR\",\"potentialAction\":[{\"@type\":\"ReadAction\",\"target\":[\"https:\\\/\\\/clubbridge3forets-chantilly.fr\\\/accueil\\\/recherchepart\\\/\"]}]},{\"@type\":\"BreadcrumbList\",\"@id\":\"https:\\\/\\\/clubbridge3forets-chantilly.fr\\\/accueil\\\/recherchepart\\\/#breadcrumb\",\"itemListElement\":[{\"@type\":\"ListItem\",\"position\":1,\"name\":\"Accueil\",\"item\":\"https:\\\/\\\/clubbridge3forets-chantilly.fr\\\/accueil\\\/\"},{\"@type\":\"ListItem\",\"position\":2,\"name\":\"Partenaires\"}]},{\"@type\":\"WebSite\",\"@id\":\"https:\\\/\\\/clubbridge3forets-chantilly.fr\\\/accueil\\\/#website\",\"url\":\"https:\\\/\\\/clubbridge3forets-chantilly.fr\\\/accueil\\\/\",\"name\":\"C3F\",\"description\":\"Club de bridge des 3 for\u00eats\",\"potentialAction\":[{\"@type\":\"SearchAction\",\"target\":{\"@type\":\"EntryPoint\",\"urlTemplate\":\"https:\\\/\\\/clubbridge3forets-chantilly.fr\\\/accueil\\\/?s={search_term_string}\"},\"query-input\":{\"@type\":\"PropertyValueSpecification\",\"valueRequired\":true,\"valueName\":\"search_term_string\"}}],\"inLanguage\":\"fr-FR\"}]}<\/script>\n<!-- \/ Yoast SEO plugin. -->","yoast_head_json":{"title":"Partenaires - C3F","robots":{"index":"index","follow":"follow","max-snippet":"max-snippet:-1","max-image-preview":"max-image-preview:large","max-video-preview":"max-video-preview:-1"},"canonical":"https:\/\/clubbridge3forets-chantilly.fr\/accueil\/recherchepart\/","og_locale":"fr_FR","og_type":"article","og_title":"Partenaires - C3F","og_url":"https:\/\/clubbridge3forets-chantilly.fr\/accueil\/recherchepart\/","og_site_name":"C3F","twitter_misc":{"Dur\u00e9e de lecture estim\u00e9e":"1 minute"},"schema":{"@context":"https:\/\/schema.org","@graph":[{"@type":"WebPage","@id":"https:\/\/clubbridge3forets-chantilly.fr\/accueil\/recherchepart\/","url":"https:\/\/clubbridge3forets-chantilly.fr\/accueil\/recherchepart\/","name":"Partenaires - C3F","isPartOf":{"@id":"https:\/\/clubbridge3forets-chantilly.fr\/accueil\/#website"},"datePublished":"2024-11-12T09:05:23+00:00","breadcrumb":{"@id":"https:\/\/clubbridge3forets-chantilly.fr\/accueil\/recherchepart\/#breadcrumb"},"inLanguage":"fr-FR","potentialAction":[{"@type":"ReadAction","target":["https:\/\/clubbridge3forets-chantilly.fr\/accueil\/recherchepart\/"]}]},{"@type":"BreadcrumbList","@id":"https:\/\/clubbridge3forets-chantilly.fr\/accueil\/recherchepart\/#breadcrumb","itemListElement":[{"@type":"ListItem","position":1,"name":"Accueil","item":"https:\/\/clubbridge3forets-chantilly.fr\/accueil\/"},{"@type":"ListItem","position":2,"name":"Partenaires"}]},{"@type":"WebSite","@id":"https:\/\/clubbridge3forets-chantilly.fr\/accueil\/#website","url":"https:\/\/clubbridge3forets-chantilly.fr\/accueil\/","name":"C3F","description":"Club de bridge des 3 for\u00eats","potentialAction":[{"@type":"SearchAction","target":{"@type":"EntryPoint","urlTemplate":"https:\/\/clubbridge3forets-chantilly.fr\/accueil\/?s={search_term_string}"},"query-input":{"@type":"PropertyValueSpecification","valueRequired":true,"valueName":"search_term_string"}}],"inLanguage":"fr-FR"}]}},"_links":{"self":[{"href":"https:\/\/clubbridge3forets-chantilly.fr\/accueil\/wp-json\/wp\/v2\/pages\/545","targetHints":{"allow":["GET"]}}],"collection":[{"href":"https:\/\/clubbridge3forets-chantilly.fr\/accueil\/wp-json\/wp\/v2\/pages"}],"about":[{"href":"https:\/\/clubbridge3forets-chantilly.fr\/accueil\/wp-json\/wp\/v2\/types\/page"}],"author":[{"embeddable":true,"href":"https:\/\/clubbridge3forets-chantilly.fr\/accueil\/wp-json\/wp\/v2\/users\/4"}],"replies":[{"embeddable":true,"href":"https:\/\/clubbridge3forets-chantilly.fr\/accueil\/wp-json\/wp\/v2\/comments?post=545"}],"version-history":[{"count":1,"href":"https:\/\/clubbridge3forets-chantilly.fr\/accueil\/wp-json\/wp\/v2\/pages\/545\/revisions"}],"predecessor-version":[{"id":1323,"href":"https:\/\/clubbridge3forets-chantilly.fr\/accueil\/wp-json\/wp\/v2\/pages\/545\/revisions\/1323"}],"wp:attachment":[{"href":"https:\/\/clubbridge3forets-chantilly.fr\/accueil\/wp-json\/wp\/v2\/media?parent=545"}],"curies":[{"name":"wp","href":"https:\/\/api.w.org\/{rel}","templated":true}]}}