{"id":308,"date":"2021-04-19T11:14:57","date_gmt":"2021-04-19T09:14:57","guid":{"rendered":"http:\/\/localhost\/C3F2021\/?page_id=308"},"modified":"2025-09-17T20:17:26","modified_gmt":"2025-09-17T19:17:26","slug":"organisation","status":"publish","type":"page","link":"https:\/\/clubbridge3forets-chantilly.fr\/accueil\/organisation\/","title":{"rendered":"Organisation du club"},"content":{"rendered":"<p><div class=\"fusion-fullwidth fullwidth-box fusion-builder-row-1 fusion-flex-container nonhundred-percent-fullwidth non-hundred-percent-height-scrolling\" style=\"--link_color: #257ced;--awb-border-radius-top-left:0px;--awb-border-radius-top-right:0px;--awb-border-radius-bottom-right:0px;--awb-border-radius-bottom-left:0px;--awb-flex-wrap:wrap;\" ><div class=\"fusion-builder-row fusion-row fusion-flex-align-items-flex-start fusion-flex-content-wrap\" style=\"max-width:1248;margin-left: calc(-4% \/ 2 );margin-right: calc(-4% \/ 2 );\"><div class=\"fusion-layout-column fusion_builder_column fusion-builder-column-0 fusion_builder_column_1_1 1_1 fusion-flex-column\" style=\"--awb-padding-top:20px;--awb-padding-right:10px;--awb-padding-bottom:10px;--awb-padding-left:10px;--awb-bg-size:cover;--awb-border-color:#000000;--awb-border-bottom:1px;--awb-border-style:solid;--awb-width-large:100%;--awb-margin-top-large:20px;--awb-spacing-right-large:1.92%;--awb-margin-bottom-large:10px;--awb-spacing-left-large:1.92%;--awb-width-medium:100%;--awb-order-medium:0;--awb-spacing-right-medium:1.92%;--awb-spacing-left-medium:1.92%;--awb-width-small:100%;--awb-order-small:0;--awb-spacing-right-small:1.92%;--awb-spacing-left-small:1.92%;\"><div class=\"fusion-column-wrapper fusion-column-has-shadow fusion-flex-justify-content-flex-start fusion-content-layout-column\"><div class=\"fusion-text fusion-text-1\"><p>Il est dirig\u00e9 par un conseil d&rsquo;administration comprenant 20 personnes au maximum. Le conseil d&rsquo;administration \u00e9lit un bureau comprenant un pr\u00e9sident, deux vice-pr\u00e9sidents, un secr\u00e9taire, un secr\u00e9taire-adjoint, un tr\u00e9sorier et un tr\u00e9sorier-adjoint.<\/p>\n<\/div><\/div><\/div><\/div><\/div><div class=\"fusion-fullwidth fullwidth-box fusion-builder-row-2 fusion-flex-container nonhundred-percent-fullwidth non-hundred-percent-height-scrolling\" style=\"--awb-border-radius-top-left:0px;--awb-border-radius-top-right:0px;--awb-border-radius-bottom-right:0px;--awb-border-radius-bottom-left:0px;--awb-flex-wrap:wrap;\" ><div class=\"fusion-builder-row fusion-row fusion-flex-align-items-flex-start fusion-flex-content-wrap\" style=\"max-width:1248;margin-left: calc(-4% \/ 2 );margin-right: calc(-4% \/ 2 );\"><div class=\"fusion-layout-column fusion_builder_column fusion-builder-column-1 fusion_builder_column_1_2 1_2 fusion-flex-column\" style=\"--awb-bg-size:cover;--awb-border-color:#000000;--awb-border-style:solid;--awb-width-large:50%;--awb-margin-top-large:5px;--awb-spacing-right-large:3.84%;--awb-margin-bottom-large:5px;--awb-spacing-left-large:3.84%;--awb-width-medium:50%;--awb-order-medium:0;--awb-spacing-right-medium:3.84%;--awb-spacing-left-medium:3.84%;--awb-width-small:100%;--awb-order-small:0;--awb-spacing-right-small:1.92%;--awb-spacing-left-small:1.92%;\"><div class=\"fusion-column-wrapper fusion-column-has-shadow fusion-flex-justify-content-flex-start fusion-content-layout-column\"><div class=\"fusion-title title fusion-title-1 fusion-title-center fusion-title-text fusion-title-size-four\"><div class=\"title-sep-container title-sep-container-left\"><div class=\"title-sep sep-double sep-solid\" style=\"border-color:#e2e2e2;\"><\/div><\/div><span class=\"awb-title-spacer\"><\/span><h4 class=\"fusion-title-heading title-heading-center fusion-responsive-typography-calculated\" style=\"margin:0;--fontSize:28;line-height:1.36;\"><p style=\"text-align: center;\">Conseil d&rsquo;administration 2025-2026<\/p><\/h4><span class=\"awb-title-spacer\"><\/span><div class=\"title-sep-container title-sep-container-right\"><div class=\"title-sep sep-double sep-solid\" style=\"border-color:#e2e2e2;\"><\/div><\/div><\/div><div class=\"fusion-text fusion-text-2\"><ul>\n<li>Jean-Pierre BARR\u00c9<\/li>\n<li>Sylvine CROS<\/li>\n<li>Xavier DELMOTTE<\/li>\n<li>Xavier GARNIER<\/li>\n<li>Annie LEFEBVRE<\/li>\n<li>Clotilde LEFEVRE<\/li>\n<li>Isabelle LE PROVOST<\/li>\n<li>Eric MANTEL<\/li>\n<li>Christian RENARD<\/li>\n<li>Luc ROBIN<\/li>\n<li>Fran\u00e7oise SEUILLEROT<\/li>\n<li>Bruno SIX<\/li>\n<li>Jean-Louis SIX<\/li>\n<li>Doroth\u00e9e SHAW<\/li>\n<li>Aude SINET<\/li>\n<li>Brigitte SONNOIS<\/li>\n<li>Sylvie SZULMAN<\/li>\n<li>Sylvia WALLERAND<\/li>\n<\/ul>\n<\/div><\/div><\/div><div class=\"fusion-layout-column fusion_builder_column fusion-builder-column-2 fusion_builder_column_1_2 1_2 fusion-flex-column\" style=\"--awb-padding-top:1px;--awb-padding-right:10px;--awb-padding-bottom:1px;--awb-padding-left:1px;--awb-bg-size:cover;--awb-border-color:#000000;--awb-border-left:1px;--awb-border-style:dashed;--awb-width-large:50%;--awb-margin-top-large:0px;--awb-spacing-right-large:3.84%;--awb-margin-bottom-large:20px;--awb-spacing-left-large:3.84%;--awb-width-medium:50%;--awb-order-medium:0;--awb-spacing-right-medium:3.84%;--awb-spacing-left-medium:3.84%;--awb-width-small:100%;--awb-order-small:0;--awb-spacing-right-small:1.92%;--awb-spacing-left-small:1.92%;\"><div class=\"fusion-column-wrapper fusion-column-has-shadow fusion-flex-justify-content-flex-start fusion-content-layout-column\"><div class=\"fusion-title title fusion-title-2 fusion-title-center fusion-title-text fusion-title-size-four\"><div class=\"title-sep-container title-sep-container-left\"><div class=\"title-sep sep-double sep-solid\" style=\"border-color:#e2e2e2;\"><\/div><\/div><span class=\"awb-title-spacer\"><\/span><h4 class=\"fusion-title-heading title-heading-center fusion-responsive-typography-calculated\" style=\"margin:0;--fontSize:28;line-height:1.36;\"><p style=\"text-align: center;\">Bureau ex\u00e9cutif saison 2025-2026<\/p><\/h4><span class=\"awb-title-spacer\"><\/span><div class=\"title-sep-container title-sep-container-right\"><div class=\"title-sep sep-double sep-solid\" style=\"border-color:#e2e2e2;\"><\/div><\/div><\/div><div class=\"fusion-text fusion-text-3\"><html>\r\n\r\n\t<div class=\"row\">\r\n\t\t<center>\r\n\t\t\t<p style=\"text-align: center;\">\u00a0\r\n\t\t\t\t<div class=\"imagecarre\" style=\"background-image:url('https:\/\/clubbridge3forets-chantilly.fr\/wp-content\/uploads\/2024\/12\/bruno_Six-scaled.jpg')\"><\/div>\r\n\t<!--<img decoding=\"async\" class=\"center size-full wp-image-453\" src=\"https:\/\/clubbridge3forets-chantilly.fr\/wp-content\/uploads\/2021\/05\/bernard1Visage.jpg\" alt=\"\" width=\"82\" height=\"103\" \/>-->\r\n\t\t<p style=\"text-align: center\">Pr\u00e9sident: Bruno SIX<\/p>\r\n\t\t<\/center>\r\n\t<\/div>\r\n\r\n\t<div class=\"row\">\r\n\r\n\t\t<div class=\"col-sm-6 \">\r\n\t\t\t<center>\r\n\t\t\t\t<!--<img class=\"center size-medium wp-image-441\"\r\n\t\t\t\t\tsrc=\"http:\/\/clubbridge3forets-chantilly.fr\/wp-content\/uploads\/2021\/05\/dorothee-239x300.jpg\"\r\n\t\t\t\t\talt=\"\" width=\"82\" height=\"103\" srcset=\"https:\/\/clubbridge3forets-chantilly.fr\/wp-content\/uploads\/2021\/05\/dorothee-200x251.jpg 200w, https:\/\/clubbridge3forets-chantilly.fr\/wp-content\/uploads\/2021\/05\/dorothee-239x300.jpg 239w, https:\/\/clubbridge3forets-chantilly.fr\/wp-content\/uploads\/2021\/05\/dorothee-400x503.jpg 400w, https:\/\/clubbridge3forets-chantilly.fr\/wp-content\/uploads\/2021\/05\/dorothee-600x754.jpg 600w, https:\/\/clubbridge3forets-chantilly.fr\/wp-content\/uploads\/2021\/05\/dorothee-768x965.jpg 768w, https:\/\/clubbridge3forets-chantilly.fr\/wp-content\/uploads\/2021\/05\/dorothee-800x1006.jpg 800w, https:\/\/clubbridge3forets-chantilly.fr\/wp-content\/uploads\/2021\/05\/dorothee-815x1024.jpg 815w, https:\/\/clubbridge3forets-chantilly.fr\/wp-content\/uploads\/2021\/05\/dorothee-1200x1508.jpg 1200w, https:\/\/clubbridge3forets-chantilly.fr\/wp-content\/uploads\/2021\/05\/dorothee-1222x1536.jpg 1222w, https:\/\/clubbridge3forets-chantilly.fr\/wp-content\/uploads\/2021\/05\/dorothee-1629x2048.jpg 1629w, https:\/\/clubbridge3forets-chantilly.fr\/wp-content\/uploads\/2021\/05\/dorothee.jpg 1891w\" sizes=\"(max-width: 82px) 100vw, 82px\" \/>-->\r\n\t\t\t\t<div class=\"imagecarre\" style=\"background-image:url('https:\/\/clubbridge3forets-chantilly.fr\/wp-content\/uploads\/2021\/05\/dorothee-239x300.jpg')\"><\/div>\r\n\t\t\t\t<p>VICE PR\u00c9SIDENTE : Doroth\u00e9e SHAW<\/p>\r\n\t\t\t<\/center>\r\n\t\t<\/div>\r\n\t\t<div class=\"col-sm-6\" >\r\n\t\t\t<center>\r\n\t\t\t\t<div class=\"imagecarre\" style=\"background-image:url('https:\/\/clubbridge3forets-chantilly.fr\/wp-content\/uploads\/2021\/05\/1905-238x300.jpg')\"><\/div>\r\n\t\t\t\t<!--<img class=\"center size-medium wp-image-441\"\r\n\t\t\t\t\tsrc=\"http:\/\/clubbridge3forets-chantilly.fr\/wp-content\/uploads\/2021\/05\/1905-238x300.jpg\"\r\n\t\t\t\t\talt=\"\" width=\"82\" height=\"103\" \/>-->\r\n\t\t\t\t<p>VICE PR\u00c9SIDENTE : Sylvie SZULMAN<\/p>\r\n\t\t\t<\/center>\r\n\r\n\t\t<\/div>\r\n\t<\/div>\r\n\t<!-- fin de la ligne-->\r\n\t<div class=\"row\">\r\n\t\t<div class=\"col-sm-6\">\r\n\t\t\t<center>\r\n\t\t\t\t<div class=\"imagecarre\" style=\"background-image:url('https:\/\/clubbridge3forets-chantilly.fr\/wp-content\/uploads\/2025\/09\/BrigitteSonnois.jpg')\"><\/div>\r\n\t\t\t\t<!--<img class=\"center size-medium wp-image-441\"\r\n\t\t\t\t\tsrc=\"https:\/\/clubbridge3forets-chantilly.fr\/wp-content\/uploads\/2021\/05\/barre.jpg\"\r\n\t\t\t\t\talt=\"\" width=\"82\" height=\"103\" \/>-->\r\n\t\t\t\t<p>SECR\u00c9TAIRE : Brigitte SONNOIS<\/p>\r\n\t\t\t<\/center>\r\n\t\t<\/div>\r\n\r\n\t\t<div class=\"col-sm-6\">\r\n\t\t\t<center>\r\n\t\t\t\t<div class=\"imagecarre\" style=\"background-image:url('https:\/\/clubbridge3forets-chantilly.fr\/wp-content\/uploads\/2021\/05\/Aude.jpg')\"><\/div>\r\n\t\t\t\t<!--<img class=\"center size-medium wp-image-441\"\r\n\t\t\t\t\tsrc=\"http:\/\/clubbridge3forets-chantilly.fr\/wp-content\/uploads\/2021\/05\/Aude.jpg\"\r\n\t\t\t\t\talt=\"\" width=\"82\" height=\"103\" \/>-->\r\n\t\t\t\t<p>SECR\u00c9TAIRE ADJOINTE : Aude SINET<\/p>\r\n\t\t\t<\/center>\r\n\t\t<\/div>\r\n\t<\/div>\r\n\t<!-- fin de la ligne-->\r\n\r\n\t<div class=\"row\">\r\n\t\t<div class=\"col-sm-6\">\r\n\t\t\t<center>\r\n\t\t\t\t<div class=\"imagecarre\" style=\"background-image:url('https:\/\/clubbridge3forets-chantilly.fr\/wp-content\/uploads\/2021\/05\/clotilde.jpg')\"><\/div>\r\n\t\t\t\t<!--<img class=\"center size-medium wp-image-441\"\r\n\t\t\t\tsrc=\"https:\/\/clubbridge3forets-chantilly.fr\/wp-content\/uploads\/2021\/05\/clotilde.jpg\"\r\n\t\t\t\t\talt=\"\" width=\"82\" height=\"100\" \/> -->\r\n\t\t\t\t<p>TR\u00c9SORI\u00c8RE: Clotilde LEFEVRE<\/p>\r\n\t\t\t<\/center>\r\n\t\t<\/div>\r\n\t\t<div class=\"col-sm-6\">\r\n\t\t\t<center>\r\n\t\t\t\t<div class=\"imagecarre\" style=\"background-image:url('https:\/\/clubbridge3forets-chantilly.fr\/wp-content\/uploads\/2025\/09\/IMG-20241223-WA0004.jpg')\"><\/div>\r\n\t\t\t\t<!--<img class=\"center size-medium wp-image-441\"\r\n\t\t\t\tsrc=\"https:\/\/clubbridge3forets-chantilly.fr\/wp-content\/uploads\/2021\/05\/annievisage.jpg\"\r\n\t\t\t\t\talt=\"\" width=\"82\" height=\"103\" \/> -->\r\n\t\t\t\t\t <p>TR\u00c9SORIER ADJOINT : Christian RENARD<\/p>\r\n\t\t\t<\/center>\r\n\t\t<\/div>\r\n\t<\/div>\r\n\r\n<\/html>\n<\/div><div class=\"fusion-text fusion-text-4\"><\/div><\/div><\/div><\/div><\/div><\/p>\n","protected":false},"excerpt":{"rendered":"","protected":false},"author":4,"featured_media":0,"parent":0,"menu_order":0,"comment_status":"closed","ping_status":"closed","template":"","meta":{"footnotes":""},"class_list":["post-308","page","type-page","status-publish","hentry"],"yoast_head":"<!-- This site is optimized with the Yoast SEO plugin v27.6 - https:\/\/yoast.com\/product\/yoast-seo-wordpress\/ -->\n<title>Organisation du club - C3F<\/title>\n<meta name=\"robots\" content=\"index, follow, max-snippet:-1, max-image-preview:large, max-video-preview:-1\" \/>\n<link rel=\"canonical\" href=\"https:\/\/clubbridge3forets-chantilly.fr\/accueil\/organisation\/\" \/>\n<meta property=\"og:locale\" content=\"fr_FR\" \/>\n<meta property=\"og:type\" content=\"article\" \/>\n<meta property=\"og:title\" content=\"Organisation du club - C3F\" \/>\n<meta property=\"og:url\" content=\"https:\/\/clubbridge3forets-chantilly.fr\/accueil\/organisation\/\" \/>\n<meta property=\"og:site_name\" content=\"C3F\" \/>\n<meta property=\"article:modified_time\" content=\"2025-09-17T19:17:26+00:00\" \/>\n<meta name=\"twitter:label1\" content=\"Dur\u00e9e de lecture estim\u00e9e\" \/>\n\t<meta name=\"twitter:data1\" content=\"4 minutes\" \/>\n<script type=\"application\/ld+json\" class=\"yoast-schema-graph\">{\"@context\":\"https:\\\/\\\/schema.org\",\"@graph\":[{\"@type\":\"WebPage\",\"@id\":\"https:\\\/\\\/clubbridge3forets-chantilly.fr\\\/accueil\\\/organisation\\\/\",\"url\":\"https:\\\/\\\/clubbridge3forets-chantilly.fr\\\/accueil\\\/organisation\\\/\",\"name\":\"Organisation du club - C3F\",\"isPartOf\":{\"@id\":\"https:\\\/\\\/clubbridge3forets-chantilly.fr\\\/accueil\\\/#website\"},\"datePublished\":\"2021-04-19T09:14:57+00:00\",\"dateModified\":\"2025-09-17T19:17:26+00:00\",\"breadcrumb\":{\"@id\":\"https:\\\/\\\/clubbridge3forets-chantilly.fr\\\/accueil\\\/organisation\\\/#breadcrumb\"},\"inLanguage\":\"fr-FR\",\"potentialAction\":[{\"@type\":\"ReadAction\",\"target\":[\"https:\\\/\\\/clubbridge3forets-chantilly.fr\\\/accueil\\\/organisation\\\/\"]}]},{\"@type\":\"BreadcrumbList\",\"@id\":\"https:\\\/\\\/clubbridge3forets-chantilly.fr\\\/accueil\\\/organisation\\\/#breadcrumb\",\"itemListElement\":[{\"@type\":\"ListItem\",\"position\":1,\"name\":\"Accueil\",\"item\":\"https:\\\/\\\/clubbridge3forets-chantilly.fr\\\/accueil\\\/\"},{\"@type\":\"ListItem\",\"position\":2,\"name\":\"Organisation du club\"}]},{\"@type\":\"WebSite\",\"@id\":\"https:\\\/\\\/clubbridge3forets-chantilly.fr\\\/accueil\\\/#website\",\"url\":\"https:\\\/\\\/clubbridge3forets-chantilly.fr\\\/accueil\\\/\",\"name\":\"C3F\",\"description\":\"Club de bridge des 3 for\u00eats\",\"potentialAction\":[{\"@type\":\"SearchAction\",\"target\":{\"@type\":\"EntryPoint\",\"urlTemplate\":\"https:\\\/\\\/clubbridge3forets-chantilly.fr\\\/accueil\\\/?s={search_term_string}\"},\"query-input\":{\"@type\":\"PropertyValueSpecification\",\"valueRequired\":true,\"valueName\":\"search_term_string\"}}],\"inLanguage\":\"fr-FR\"}]}<\/script>\n<!-- \/ Yoast SEO plugin. -->","yoast_head_json":{"title":"Organisation du club - C3F","robots":{"index":"index","follow":"follow","max-snippet":"max-snippet:-1","max-image-preview":"max-image-preview:large","max-video-preview":"max-video-preview:-1"},"canonical":"https:\/\/clubbridge3forets-chantilly.fr\/accueil\/organisation\/","og_locale":"fr_FR","og_type":"article","og_title":"Organisation du club - C3F","og_url":"https:\/\/clubbridge3forets-chantilly.fr\/accueil\/organisation\/","og_site_name":"C3F","article_modified_time":"2025-09-17T19:17:26+00:00","twitter_misc":{"Dur\u00e9e de lecture estim\u00e9e":"4 minutes"},"schema":{"@context":"https:\/\/schema.org","@graph":[{"@type":"WebPage","@id":"https:\/\/clubbridge3forets-chantilly.fr\/accueil\/organisation\/","url":"https:\/\/clubbridge3forets-chantilly.fr\/accueil\/organisation\/","name":"Organisation du club - C3F","isPartOf":{"@id":"https:\/\/clubbridge3forets-chantilly.fr\/accueil\/#website"},"datePublished":"2021-04-19T09:14:57+00:00","dateModified":"2025-09-17T19:17:26+00:00","breadcrumb":{"@id":"https:\/\/clubbridge3forets-chantilly.fr\/accueil\/organisation\/#breadcrumb"},"inLanguage":"fr-FR","potentialAction":[{"@type":"ReadAction","target":["https:\/\/clubbridge3forets-chantilly.fr\/accueil\/organisation\/"]}]},{"@type":"BreadcrumbList","@id":"https:\/\/clubbridge3forets-chantilly.fr\/accueil\/organisation\/#breadcrumb","itemListElement":[{"@type":"ListItem","position":1,"name":"Accueil","item":"https:\/\/clubbridge3forets-chantilly.fr\/accueil\/"},{"@type":"ListItem","position":2,"name":"Organisation du club"}]},{"@type":"WebSite","@id":"https:\/\/clubbridge3forets-chantilly.fr\/accueil\/#website","url":"https:\/\/clubbridge3forets-chantilly.fr\/accueil\/","name":"C3F","description":"Club de bridge des 3 for\u00eats","potentialAction":[{"@type":"SearchAction","target":{"@type":"EntryPoint","urlTemplate":"https:\/\/clubbridge3forets-chantilly.fr\/accueil\/?s={search_term_string}"},"query-input":{"@type":"PropertyValueSpecification","valueRequired":true,"valueName":"search_term_string"}}],"inLanguage":"fr-FR"}]}},"_links":{"self":[{"href":"https:\/\/clubbridge3forets-chantilly.fr\/accueil\/wp-json\/wp\/v2\/pages\/308","targetHints":{"allow":["GET"]}}],"collection":[{"href":"https:\/\/clubbridge3forets-chantilly.fr\/accueil\/wp-json\/wp\/v2\/pages"}],"about":[{"href":"https:\/\/clubbridge3forets-chantilly.fr\/accueil\/wp-json\/wp\/v2\/types\/page"}],"author":[{"embeddable":true,"href":"https:\/\/clubbridge3forets-chantilly.fr\/accueil\/wp-json\/wp\/v2\/users\/4"}],"replies":[{"embeddable":true,"href":"https:\/\/clubbridge3forets-chantilly.fr\/accueil\/wp-json\/wp\/v2\/comments?post=308"}],"version-history":[{"count":44,"href":"https:\/\/clubbridge3forets-chantilly.fr\/accueil\/wp-json\/wp\/v2\/pages\/308\/revisions"}],"predecessor-version":[{"id":1428,"href":"https:\/\/clubbridge3forets-chantilly.fr\/accueil\/wp-json\/wp\/v2\/pages\/308\/revisions\/1428"}],"wp:attachment":[{"href":"https:\/\/clubbridge3forets-chantilly.fr\/accueil\/wp-json\/wp\/v2\/media?parent=308"}],"curies":[{"name":"wp","href":"https:\/\/api.w.org\/{rel}","templated":true}]}}