{"id":270,"date":"2021-01-28T17:35:35","date_gmt":"2021-01-28T16:35:35","guid":{"rendered":"http:\/\/localhost\/C3F2021\/?page_id=270"},"modified":"2024-11-18T09:01:11","modified_gmt":"2024-11-18T08:01:11","slug":"presentation","status":"publish","type":"page","link":"https:\/\/clubbridge3forets-chantilly.fr\/accueil\/presentation\/","title":{"rendered":"Pr\u00e9sentation du club"},"content":{"rendered":"<div class=\"fusion-fullwidth fullwidth-box fusion-builder-row-1 fusion-flex-container nonhundred-percent-fullwidth non-hundred-percent-height-scrolling\" style=\"--awb-border-radius-top-left:0px;--awb-border-radius-top-right:0px;--awb-border-radius-bottom-right:0px;--awb-border-radius-bottom-left:0px;--awb-min-height:550px;--awb-flex-wrap:wrap;\" ><div class=\"fusion-builder-row fusion-row fusion-flex-align-items-flex-start fusion-flex-content-wrap\" style=\"max-width:1248;margin-left: calc(-4% \/ 2 );margin-right: calc(-4% \/ 2 );\"><div class=\"fusion-layout-column fusion_builder_column fusion-builder-column-0 fusion_builder_column_1_1 1_1 fusion-flex-column\" style=\"--awb-bg-size:cover;--awb-border-color:#070707;--awb-border-style:solid;--awb-width-large:100%;--awb-margin-top-large:5px;--awb-spacing-right-large:1.92%;--awb-margin-bottom-large:10px;--awb-spacing-left-large:1.92%;--awb-width-medium:100%;--awb-order-medium:0;--awb-spacing-right-medium:1.92%;--awb-spacing-left-medium:1.92%;--awb-width-small:100%;--awb-order-small:0;--awb-spacing-right-small:1.92%;--awb-spacing-left-small:1.92%;\"><div class=\"fusion-column-wrapper fusion-column-has-shadow fusion-flex-justify-content-flex-start fusion-content-layout-column\"><div class=\"fusion-text fusion-text-1\"><h4><\/h4>\n<p>Le club de bridge des 3 for\u00eats a \u00e9t\u00e9 cr\u00e9\u00e9 en 2010 par la fusion des clubs de bridge de Chantilly et du club de bridge de Coye-la-for\u00eat. Il a d\u00e9m\u00e9nag\u00e9 en 2020 \u00e0 l&rsquo;hippodrome de Chantilly.<\/p>\n<p>Le club a \u00e9t\u00e9 dirig\u00e9 successivement par<\/p>\n<ul>\n<li>Jean-Paul Gachet<\/li>\n<li>Dominique Dupuis<\/li>\n<li>Jean-Paul Gachet<\/li>\n<li>Luc Robin<\/li>\n<li>Bernard Garnier<\/li>\n<\/ul>\n<p>Depuis la derni\u00e8re assembl\u00e9e g\u00e9n\u00e9rale d&rsquo;octobre 2024, un nouveau bureau a \u00e9t\u00e9 constitu\u00e9 qui a \u00e9lu Bruno Six comme pr\u00e9sident.<\/p>\n<p>Voici les\u00a0 <a href=\"https:\/\/clubbridge3forets-chantilly.fr\/wp-content\/uploads\/2021\/05\/STATUTS-DU-C3F-2020.pdf\">STATUTS DU C3F 2020<\/a><\/p>\n<p>et le r\u00e8glement int\u00e9rieur <span style=\"color: #0000ff;\"><a style=\"color: #0000ff;\" href=\"http:\/\/clubbridge3forets-chantilly.fr\/wp-content\/uploads\/2021\/05\/Regle-Int-5.pdf\">R\u00e8gle-Int-5<\/a><\/span><\/p>\n<\/div><\/div><\/div><\/div><\/div>\n","protected":false},"excerpt":{"rendered":"","protected":false},"author":4,"featured_media":0,"parent":0,"menu_order":0,"comment_status":"closed","ping_status":"closed","template":"","meta":{"footnotes":""},"class_list":["post-270","page","type-page","status-publish","hentry"],"yoast_head":"<!-- This site is optimized with the Yoast SEO plugin v27.6 - https:\/\/yoast.com\/product\/yoast-seo-wordpress\/ -->\n<title>Pr\u00e9sentation du club - C3F<\/title>\n<meta name=\"robots\" content=\"index, follow, max-snippet:-1, max-image-preview:large, max-video-preview:-1\" \/>\n<link rel=\"canonical\" href=\"https:\/\/clubbridge3forets-chantilly.fr\/accueil\/presentation\/\" \/>\n<meta property=\"og:locale\" content=\"fr_FR\" \/>\n<meta property=\"og:type\" content=\"article\" \/>\n<meta property=\"og:title\" content=\"Pr\u00e9sentation du club - C3F\" \/>\n<meta property=\"og:url\" content=\"https:\/\/clubbridge3forets-chantilly.fr\/accueil\/presentation\/\" \/>\n<meta property=\"og:site_name\" content=\"C3F\" \/>\n<meta property=\"article:modified_time\" content=\"2024-11-18T08:01:11+00:00\" \/>\n<meta name=\"twitter:label1\" content=\"Dur\u00e9e de lecture estim\u00e9e\" \/>\n\t<meta name=\"twitter:data1\" content=\"2 minutes\" \/>\n<script type=\"application\/ld+json\" class=\"yoast-schema-graph\">{\"@context\":\"https:\\\/\\\/schema.org\",\"@graph\":[{\"@type\":\"WebPage\",\"@id\":\"https:\\\/\\\/clubbridge3forets-chantilly.fr\\\/accueil\\\/presentation\\\/\",\"url\":\"https:\\\/\\\/clubbridge3forets-chantilly.fr\\\/accueil\\\/presentation\\\/\",\"name\":\"Pr\u00e9sentation du club - C3F\",\"isPartOf\":{\"@id\":\"https:\\\/\\\/clubbridge3forets-chantilly.fr\\\/accueil\\\/#website\"},\"datePublished\":\"2021-01-28T16:35:35+00:00\",\"dateModified\":\"2024-11-18T08:01:11+00:00\",\"breadcrumb\":{\"@id\":\"https:\\\/\\\/clubbridge3forets-chantilly.fr\\\/accueil\\\/presentation\\\/#breadcrumb\"},\"inLanguage\":\"fr-FR\",\"potentialAction\":[{\"@type\":\"ReadAction\",\"target\":[\"https:\\\/\\\/clubbridge3forets-chantilly.fr\\\/accueil\\\/presentation\\\/\"]}]},{\"@type\":\"BreadcrumbList\",\"@id\":\"https:\\\/\\\/clubbridge3forets-chantilly.fr\\\/accueil\\\/presentation\\\/#breadcrumb\",\"itemListElement\":[{\"@type\":\"ListItem\",\"position\":1,\"name\":\"Accueil\",\"item\":\"https:\\\/\\\/clubbridge3forets-chantilly.fr\\\/accueil\\\/\"},{\"@type\":\"ListItem\",\"position\":2,\"name\":\"Pr\u00e9sentation du club\"}]},{\"@type\":\"WebSite\",\"@id\":\"https:\\\/\\\/clubbridge3forets-chantilly.fr\\\/accueil\\\/#website\",\"url\":\"https:\\\/\\\/clubbridge3forets-chantilly.fr\\\/accueil\\\/\",\"name\":\"C3F\",\"description\":\"Club de bridge des 3 for\u00eats\",\"potentialAction\":[{\"@type\":\"SearchAction\",\"target\":{\"@type\":\"EntryPoint\",\"urlTemplate\":\"https:\\\/\\\/clubbridge3forets-chantilly.fr\\\/accueil\\\/?s={search_term_string}\"},\"query-input\":{\"@type\":\"PropertyValueSpecification\",\"valueRequired\":true,\"valueName\":\"search_term_string\"}}],\"inLanguage\":\"fr-FR\"}]}<\/script>\n<!-- \/ Yoast SEO plugin. -->","yoast_head_json":{"title":"Pr\u00e9sentation du club - C3F","robots":{"index":"index","follow":"follow","max-snippet":"max-snippet:-1","max-image-preview":"max-image-preview:large","max-video-preview":"max-video-preview:-1"},"canonical":"https:\/\/clubbridge3forets-chantilly.fr\/accueil\/presentation\/","og_locale":"fr_FR","og_type":"article","og_title":"Pr\u00e9sentation du club - C3F","og_url":"https:\/\/clubbridge3forets-chantilly.fr\/accueil\/presentation\/","og_site_name":"C3F","article_modified_time":"2024-11-18T08:01:11+00:00","twitter_misc":{"Dur\u00e9e de lecture estim\u00e9e":"2 minutes"},"schema":{"@context":"https:\/\/schema.org","@graph":[{"@type":"WebPage","@id":"https:\/\/clubbridge3forets-chantilly.fr\/accueil\/presentation\/","url":"https:\/\/clubbridge3forets-chantilly.fr\/accueil\/presentation\/","name":"Pr\u00e9sentation du club - C3F","isPartOf":{"@id":"https:\/\/clubbridge3forets-chantilly.fr\/accueil\/#website"},"datePublished":"2021-01-28T16:35:35+00:00","dateModified":"2024-11-18T08:01:11+00:00","breadcrumb":{"@id":"https:\/\/clubbridge3forets-chantilly.fr\/accueil\/presentation\/#breadcrumb"},"inLanguage":"fr-FR","potentialAction":[{"@type":"ReadAction","target":["https:\/\/clubbridge3forets-chantilly.fr\/accueil\/presentation\/"]}]},{"@type":"BreadcrumbList","@id":"https:\/\/clubbridge3forets-chantilly.fr\/accueil\/presentation\/#breadcrumb","itemListElement":[{"@type":"ListItem","position":1,"name":"Accueil","item":"https:\/\/clubbridge3forets-chantilly.fr\/accueil\/"},{"@type":"ListItem","position":2,"name":"Pr\u00e9sentation du club"}]},{"@type":"WebSite","@id":"https:\/\/clubbridge3forets-chantilly.fr\/accueil\/#website","url":"https:\/\/clubbridge3forets-chantilly.fr\/accueil\/","name":"C3F","description":"Club de bridge des 3 for\u00eats","potentialAction":[{"@type":"SearchAction","target":{"@type":"EntryPoint","urlTemplate":"https:\/\/clubbridge3forets-chantilly.fr\/accueil\/?s={search_term_string}"},"query-input":{"@type":"PropertyValueSpecification","valueRequired":true,"valueName":"search_term_string"}}],"inLanguage":"fr-FR"}]}},"_links":{"self":[{"href":"https:\/\/clubbridge3forets-chantilly.fr\/accueil\/wp-json\/wp\/v2\/pages\/270","targetHints":{"allow":["GET"]}}],"collection":[{"href":"https:\/\/clubbridge3forets-chantilly.fr\/accueil\/wp-json\/wp\/v2\/pages"}],"about":[{"href":"https:\/\/clubbridge3forets-chantilly.fr\/accueil\/wp-json\/wp\/v2\/types\/page"}],"author":[{"embeddable":true,"href":"https:\/\/clubbridge3forets-chantilly.fr\/accueil\/wp-json\/wp\/v2\/users\/4"}],"replies":[{"embeddable":true,"href":"https:\/\/clubbridge3forets-chantilly.fr\/accueil\/wp-json\/wp\/v2\/comments?post=270"}],"version-history":[{"count":16,"href":"https:\/\/clubbridge3forets-chantilly.fr\/accueil\/wp-json\/wp\/v2\/pages\/270\/revisions"}],"predecessor-version":[{"id":1326,"href":"https:\/\/clubbridge3forets-chantilly.fr\/accueil\/wp-json\/wp\/v2\/pages\/270\/revisions\/1326"}],"wp:attachment":[{"href":"https:\/\/clubbridge3forets-chantilly.fr\/accueil\/wp-json\/wp\/v2\/media?parent=270"}],"curies":[{"name":"wp","href":"https:\/\/api.w.org\/{rel}","templated":true}]}}