{"id":27,"date":"2021-06-27T18:57:57","date_gmt":"2021-06-27T17:57:57","guid":{"rendered":"http:\/\/localhost\/C3F2021\/?page_id=27"},"modified":"2026-04-29T09:33:33","modified_gmt":"2026-04-29T08:33:33","slug":"accueil","status":"publish","type":"page","link":"https:\/\/clubbridge3forets-chantilly.fr\/accueil\/","title":{"rendered":"ACCUEIL"},"content":{"rendered":"<div class=\"fusion-fullwidth fullwidth-box fusion-builder-row-1 fusion-flex-container nonhundred-percent-fullwidth non-hundred-percent-height-scrolling\" style=\"--awb-border-sizes-top:0px;--awb-border-sizes-bottom:0px;--awb-border-sizes-left:0px;--awb-border-sizes-right:0px;--awb-border-color:#111111;--awb-border-radius-top-left:0px;--awb-border-radius-top-right:0px;--awb-border-radius-bottom-right:0px;--awb-border-radius-bottom-left:0px;--awb-padding-top:20px;--awb-padding-right:10px;--awb-padding-bottom:10px;--awb-padding-left:10px;--awb-margin-top:20px;--awb-margin-bottom:10px;--awb-min-height:450px;--awb-flex-wrap:wrap;\" ><div class=\"fusion-builder-row fusion-row fusion-flex-align-items-flex-start fusion-flex-content-wrap\" style=\"max-width:1248;margin-left: calc(-4% \/ 2 );margin-right: calc(-4% \/ 2 );\"><div class=\"fusion-layout-column fusion_builder_column fusion-builder-column-0 fusion_builder_column_3_5 3_5 fusion-flex-column fusion-flex-align-self-center\" style=\"--awb-bg-size:cover;--awb-width-large:60%;--awb-margin-top-large:0px px;--awb-spacing-right-large:3.2%;--awb-margin-bottom-large:0px;--awb-spacing-left-large:3.2%;--awb-width-medium:60%;--awb-order-medium:0;--awb-spacing-right-medium:3.2%;--awb-spacing-left-medium:3.2%;--awb-width-small:100%;--awb-order-small:0;--awb-spacing-right-small:1.92%;--awb-spacing-left-small:1.92%;\"><div class=\"fusion-column-wrapper fusion-column-has-shadow fusion-flex-justify-content-center fusion-content-layout-column\"><div class=\"fusion-title title fusion-title-1 fusion-sep-none fusion-title-center fusion-title-text fusion-title-size-two\"><h2 class=\"fusion-title-heading title-heading-center fusion-responsive-typography-calculated\" style=\"margin:0;--fontSize:40;line-height:1.2;\">Edito Mai 2026<\/h2><\/div><div class=\"fusion-text fusion-text-1\" style=\"--awb-content-alignment:justify;\"><div class=\"elementToProof\" style=\"text-align: center;\">\n<div style=\"text-align: left;\">Chers bridgeurs<\/div>\n<div style=\"text-align: left;\"><\/div>\n<div style=\"text-align: left;\">Voici le joli mois de mai avec ses jours f\u00e9ri\u00e9s et week-end \u00e0 rallonges&#8230;<\/div>\n<div style=\"text-align: left;\"><\/div>\n<div class=\"elementToProof\" style=\"text-align: left;\">Le mois commencera par le simultan\u00e9 du comit\u00e9\u00a0que nous organisons le lundi 4 mai \u00e0 14h. Comme toute comp\u00e9tition officielle, l&rsquo;inscription est obligatoire et les places seront impos\u00e9es. Attention le droit de table sera de 2 tickets (ou 8\u20ac) ou 10\u20ac pour les non membres.<\/div>\n<div style=\"text-align: left;\">En parall\u00e8le nous maintenons le tournoi des 34. <strong><i>Mais comme c&rsquo;est un jour de courses, aucun v\u00e9hicule ne pourra rentrer dans l&rsquo;hippodrome et vous devrez \u00eatre bien \u00e0 l&rsquo;heure car nous fermerons le petit portillon \u00e0 13h55. Avec votre badge vous pourrez toujours entrer par l&rsquo;entr\u00e9e principale. L&rsquo;entr\u00e9e de notre salle se fait en contournant le b\u00e2timent des balances soit par l&rsquo;escalier ext\u00e9rieur soit par l&rsquo;ascenseur qui arrive dans la cuisine. Merci de respecter toutes ses consignes pour nous aider dans les bonnes relations avec l&rsquo;hippodrome.<\/i><\/strong><\/div>\n<div style=\"text-align: left;\">Le mardi 5 mai ce sera notre dernier tournoi comptant pour la coupe des clubs. Ce sera une ronde de France.<\/div>\n<div style=\"text-align: left;\"><\/div>\n<div style=\"text-align: left;\">Le lundi 11 mai nos deux tournois parall\u00e8les.<\/div>\n<div style=\"text-align: left;\">Le mardi 12 mai Roy Ren\u00e9 <i>mais encore un jour de course donc pas de v\u00e9hicule et portillon ferm\u00e9 \u00e0 13h55.<\/i><\/div>\n<div style=\"text-align: left;\"><\/div>\n<div style=\"text-align: left;\">Le lundi 18 mai tournoi open d&rsquo;un c\u00f4t\u00e9 et Championnat de France des \u00e9coles de bridge\u00a0de l&rsquo;autre avec deux niveaux possibles en fonction des inscrits. Rapprochez-vous de vos moniteurs pour savoir dans quel niveau s&rsquo;inscrire. Ce tournoi n&rsquo;est pas r\u00e9serv\u00e9 qu&rsquo;aux \u00e9l\u00e8ves mais limit\u00e9 aux joueurs class\u00e9s 3K (34).<\/div>\n<div style=\"text-align: left;\">Le mardi 19 mai Promobridge. <i>Attention encore un jour de courses avec les m\u00eames r\u00e9serves d\u00e9crites plus haut.<\/i><\/div>\n<div style=\"text-align: left;\">A l&rsquo;issue du tournoi nous d\u00e9m\u00e9nagerons nos tables et nos chaises ainsi que les tapis et autre mat\u00e9riel pour migrer vers le golf de Chantilly pendant un mois. Le mercredi matin nous finirons notre d\u00e9m\u00e9nagement en apportant tout le mat\u00e9riel au golf. Votre aide nous est pr\u00e9cieuse et n&rsquo;h\u00e9sitez pas \u00e0 nous contacter pour participer.<\/div>\n<div style=\"text-align: left;\"><\/div>\n<div class=\"elementToProof\" style=\"text-align: left;\">Le vendredi 22 mai notre deuxi\u00e8me tournoi test au golf d&rsquo;Apremont\u00a0avec possibilit\u00e9 de d\u00e9jeuner sur place (37 euros pour entr\u00e9e, plat et dessert, 1\/4 vin, eau, caf\u00e9 ou th\u00e9, ou 32 euros pour entr\u00e9e ou dessert, plat, 1\/4 vin, eau, caf\u00e9 ou th\u00e9). Vous pouvez vous inscrire directement sur notre site en cochant les cases n\u00e9cessaires ou contacter Bruno qui est le responsable de cet \u00e9v\u00e8nement. Malheureusement pas de possibilit\u00e9 de jouer au golf ce jour-l\u00e0 car il y a une comp\u00e9tition S\u00e9nior.<\/div>\n<div style=\"text-align: left;\"><\/div>\n<div style=\"text-align: left;\">Attention pas de tournoi le lundi de Pentec\u00f4te (25 mai) et \u00e0 partir du 26\u00a0mai, nous jouerons au golf de Chantilly dans la salle des jeunes jusqu&rsquo;\u00e0 notre retour vers la mi-juin dans notre salle de l&rsquo;hippodrome.<\/div>\n<div style=\"text-align: left;\">Nous entrons dans notre rythme de l&rsquo;\u00e9t\u00e9, un seul tournoi le lundi et nos simultan\u00e9s le mardi, pas d&rsquo;activit\u00e9 le mercredi.<\/div>\n<div style=\"text-align: left;\"><\/div>\n<div style=\"text-align: left;\">Et toujours pour ceux qui veulent jouer sur Real Bridge, nous continuons notre partenariat avec le tournoi des Ch\u00e2teaux tous les jeudis soir \u00e0 20h15. Pour s&rsquo;inscrire il faut chercher le club de Versailles mais les droits de table sont partag\u00e9s avec les clubs partenaires au prorata des membres de chaque club. Venez nombreux et amusez-vous.<\/div>\n<div style=\"text-align: left;\"><\/div>\n<div style=\"text-align: left;\">Bon bridge<\/div>\n<div style=\"text-align: left;\">Aude<\/div>\n<\/div>\n<\/div><\/div><\/div><div class=\"fusion-layout-column fusion_builder_column fusion-builder-column-1 fusion_builder_column_1_5 1_5 fusion-flex-column\" style=\"--awb-padding-left:5px;--awb-bg-size:cover;--awb-box-shadow: 0px 0px ;;--awb-border-color:#020202;--awb-border-left:1px;--awb-border-style:solid;--awb-width-large:20%;--awb-margin-top-large:0px;--awb-spacing-right-large:9.6%;--awb-margin-bottom-large:20px;--awb-spacing-left-large:5px;--awb-width-medium:20%;--awb-order-medium:0;--awb-spacing-right-medium:9.6%;--awb-spacing-left-medium:5px;--awb-width-small:100%;--awb-order-small:0;--awb-spacing-right-small:1.92%;--awb-spacing-left-small:1.92%;\"><div class=\"fusion-column-wrapper fusion-column-has-shadow fusion-flex-justify-content-flex-start fusion-content-layout-column\"><div class=\"fusion-image-element \" style=\"--awb-caption-title-font-family:var(--h2_typography-font-family);--awb-caption-title-font-weight:var(--h2_typography-font-weight);--awb-caption-title-font-style:var(--h2_typography-font-style);--awb-caption-title-size:var(--h2_typography-font-size);--awb-caption-title-transform:var(--h2_typography-text-transform);--awb-caption-title-line-height:var(--h2_typography-line-height);--awb-caption-title-letter-spacing:var(--h2_typography-letter-spacing);\"><span class=\" fusion-imageframe imageframe-none imageframe-1 hover-type-none\" style=\"border:8px solid #000000;\"><a href=\"https:\/\/clubbridge3forets-chantilly.fr\/wp-content\/uploads\/2021\/05\/barre-300x264.jpg\" class=\"fusion-lightbox\" data-rel=\"iLightbox[948d04d9767509bc3b9]\" data-title=\"barre\" title=\"barre\"><img decoding=\"async\" width=\"300\" height=\"264\" src=\"https:\/\/clubbridge3forets-chantilly.fr\/wp-content\/uploads\/2021\/05\/barre-300x264.jpg\" alt class=\"img-responsive wp-image-689\" srcset=\"https:\/\/clubbridge3forets-chantilly.fr\/wp-content\/uploads\/2021\/05\/barre-200x176.jpg 200w, https:\/\/clubbridge3forets-chantilly.fr\/wp-content\/uploads\/2021\/05\/barre-400x352.jpg 400w, https:\/\/clubbridge3forets-chantilly.fr\/wp-content\/uploads\/2021\/05\/barre-600x528.jpg 600w, https:\/\/clubbridge3forets-chantilly.fr\/wp-content\/uploads\/2021\/05\/barre.jpg 738w\" sizes=\"(max-width: 600px) 100vw, 400px\" \/><\/a><\/span><\/div><div class=\"fusion-text fusion-text-2\"><p style=\"text-align: center;\">Jean-Pierre Barr\u00e9<\/p>\n<\/div><div class=\"fusion-text fusion-text-3\"><p style=\"text-align: center;\"><a href=\"https:\/\/clubbridge3forets-chantilly.fr\/wp-content\/uploads\/2026\/04\/MotDuPresident.pdf\" target=\"_blank\" rel=\"noopener\">Mot du pr\u00e9sident<\/a><\/p>\n<\/div><\/div><\/div><div class=\"fusion-layout-column fusion_builder_column fusion-builder-column-2 fusion_builder_column_1_5 1_5 fusion-flex-column\" style=\"--awb-padding-left:5px;--awb-bg-size:cover;--awb-box-shadow: 0px 0px ;;--awb-border-color:#020202;--awb-border-left:1px;--awb-border-style:solid;--awb-width-large:20%;--awb-margin-top-large:0px;--awb-spacing-right-large:9.6%;--awb-margin-bottom-large:20px;--awb-spacing-left-large:5px;--awb-width-medium:20%;--awb-order-medium:0;--awb-spacing-right-medium:9.6%;--awb-spacing-left-medium:5px;--awb-width-small:100%;--awb-order-small:0;--awb-spacing-right-small:1.92%;--awb-spacing-left-small:1.92%;\"><div class=\"fusion-column-wrapper fusion-column-has-shadow fusion-flex-justify-content-flex-start fusion-content-layout-column\"><ul style=\"--awb-line-height:27.2px;--awb-icon-width:27.2px;--awb-icon-height:27.2px;--awb-icon-margin:11.2px;--awb-content-margin:38.4px;--awb-circlecolor:#65bc7b;--awb-circle-yes-font-size:14.08px;\" class=\"fusion-checklist fusion-checklist-1 fusion-checklist-default type-icons\"><li class=\"fusion-li-item\" style=\"\"><span class=\"icon-wrapper circle-yes\"><i class=\"fusion-li-icon fa-angle-right fas\" aria-hidden=\"true\"><\/i><\/span><div class=\"fusion-li-item-content\">\n<p><a href=\"https:\/\/www.ffbridge.fr\/login\" target=\"_blank\" rel=\"noopener\">FFB<\/a><\/p>\n<\/div><\/li><li class=\"fusion-li-item\" style=\"\"><span class=\"icon-wrapper circle-yes\"><i class=\"fusion-li-icon fa-angle-right fas\" aria-hidden=\"true\"><\/i><\/span><div class=\"fusion-li-item-content\"><a href=\"http:\/\/picardiebridge.club.ffbridge.fr\" target=\"_blank\" rel=\"noopener\">Comit\u00e9 de bridge de Picardie<\/a><\/div><\/li><li class=\"fusion-li-item\" style=\"\"><span class=\"icon-wrapper circle-yes\"><i class=\"fusion-li-icon fa-angle-right fas\" aria-hidden=\"true\"><\/i><\/span><div class=\"fusion-li-item-content\"><a href=\"https:\/\/www.bridgeplus.com\/nos-simultanes\/resultats\/\" target=\"_blank\" rel=\"noopener\">Bridge Plus Roy Ren\u00e9 <\/a><\/div><\/li><li class=\"fusion-li-item\" style=\"\"><span class=\"icon-wrapper circle-yes\"><i class=\"fusion-li-icon fa-angle-right fas\" aria-hidden=\"true\"><\/i><\/span><div class=\"fusion-li-item-content\">\n<p><a href=\"http:\/\/www.bridgeinter.net\/debut.html\" target=\"_blank\" rel=\"noopener\"> Bridge International<\/a>(Octopus)<\/p>\n<\/div><\/li><li class=\"fusion-li-item\" style=\"\"><span class=\"icon-wrapper circle-yes\"><i class=\"fusion-li-icon awb-icon-check\" aria-hidden=\"true\"><\/i><\/span><div class=\"fusion-li-item-content\">\n<p><a href=\"https:\/\/calendar.google.com\/calendar\/embed?src=c3forets%40gmail.com&amp;ctz=Europe%2FParis\" target=\"_blank\" rel=\"noopener\">agenda du club sur google<\/a><\/p>\n<\/div><\/li><\/ul><div class=\"post-views content-post post-27 entry-meta load-static\">\r\n\t\t\t\t<span class=\"post-views-icon \"><\/span> <span class=\"post-views-label\">Nombre de visites<\/span> <span class=\"post-views-count\">39\u00a0963<\/span>\r\n\t\t\t<\/div><\/div><\/div><\/div><\/div>\n","protected":false},"excerpt":{"rendered":"","protected":false},"author":4,"featured_media":0,"parent":0,"menu_order":0,"comment_status":"closed","ping_status":"closed","template":"","meta":{"footnotes":""},"class_list":["post-27","page","type-page","status-publish","hentry"],"yoast_head":"<!-- This site is optimized with the Yoast SEO plugin v27.6 - https:\/\/yoast.com\/product\/yoast-seo-wordpress\/ -->\n<title>ACCUEIL - C3F<\/title>\n<meta name=\"robots\" content=\"index, follow, max-snippet:-1, max-image-preview:large, max-video-preview:-1\" \/>\n<link rel=\"canonical\" href=\"https:\/\/clubbridge3forets-chantilly.fr\/accueil\/\" \/>\n<meta property=\"og:locale\" content=\"fr_FR\" \/>\n<meta property=\"og:type\" content=\"article\" \/>\n<meta property=\"og:title\" content=\"ACCUEIL - C3F\" \/>\n<meta property=\"og:url\" content=\"https:\/\/clubbridge3forets-chantilly.fr\/accueil\/\" \/>\n<meta property=\"og:site_name\" content=\"C3F\" \/>\n<meta property=\"article:modified_time\" content=\"2026-04-29T08:33:33+00:00\" \/>\n<meta name=\"twitter:label1\" content=\"Dur\u00e9e de lecture estim\u00e9e\" \/>\n\t<meta name=\"twitter:data1\" content=\"2 minutes\" \/>\n<script type=\"application\/ld+json\" class=\"yoast-schema-graph\">{\"@context\":\"https:\\\/\\\/schema.org\",\"@graph\":[{\"@type\":\"WebPage\",\"@id\":\"https:\\\/\\\/clubbridge3forets-chantilly.fr\\\/accueil\\\/\",\"url\":\"https:\\\/\\\/clubbridge3forets-chantilly.fr\\\/accueil\\\/\",\"name\":\"ACCUEIL - C3F\",\"isPartOf\":{\"@id\":\"https:\\\/\\\/clubbridge3forets-chantilly.fr\\\/accueil\\\/#website\"},\"datePublished\":\"2021-06-27T17:57:57+00:00\",\"dateModified\":\"2026-04-29T08:33:33+00:00\",\"breadcrumb\":{\"@id\":\"https:\\\/\\\/clubbridge3forets-chantilly.fr\\\/accueil\\\/#breadcrumb\"},\"inLanguage\":\"fr-FR\",\"potentialAction\":[{\"@type\":\"ReadAction\",\"target\":[\"https:\\\/\\\/clubbridge3forets-chantilly.fr\\\/accueil\\\/\"]}]},{\"@type\":\"BreadcrumbList\",\"@id\":\"https:\\\/\\\/clubbridge3forets-chantilly.fr\\\/accueil\\\/#breadcrumb\",\"itemListElement\":[{\"@type\":\"ListItem\",\"position\":1,\"name\":\"Accueil\",\"item\":\"https:\\\/\\\/clubbridge3forets-chantilly.fr\\\/accueil\\\/\"},{\"@type\":\"ListItem\",\"position\":2,\"name\":\"ACCUEIL\"}]},{\"@type\":\"WebSite\",\"@id\":\"https:\\\/\\\/clubbridge3forets-chantilly.fr\\\/accueil\\\/#website\",\"url\":\"https:\\\/\\\/clubbridge3forets-chantilly.fr\\\/accueil\\\/\",\"name\":\"C3F\",\"description\":\"Club de bridge des 3 for\u00eats\",\"potentialAction\":[{\"@type\":\"SearchAction\",\"target\":{\"@type\":\"EntryPoint\",\"urlTemplate\":\"https:\\\/\\\/clubbridge3forets-chantilly.fr\\\/accueil\\\/?s={search_term_string}\"},\"query-input\":{\"@type\":\"PropertyValueSpecification\",\"valueRequired\":true,\"valueName\":\"search_term_string\"}}],\"inLanguage\":\"fr-FR\"}]}<\/script>\n<!-- \/ Yoast SEO plugin. -->","yoast_head_json":{"title":"ACCUEIL - C3F","robots":{"index":"index","follow":"follow","max-snippet":"max-snippet:-1","max-image-preview":"max-image-preview:large","max-video-preview":"max-video-preview:-1"},"canonical":"https:\/\/clubbridge3forets-chantilly.fr\/accueil\/","og_locale":"fr_FR","og_type":"article","og_title":"ACCUEIL - C3F","og_url":"https:\/\/clubbridge3forets-chantilly.fr\/accueil\/","og_site_name":"C3F","article_modified_time":"2026-04-29T08:33:33+00:00","twitter_misc":{"Dur\u00e9e de lecture estim\u00e9e":"2 minutes"},"schema":{"@context":"https:\/\/schema.org","@graph":[{"@type":"WebPage","@id":"https:\/\/clubbridge3forets-chantilly.fr\/accueil\/","url":"https:\/\/clubbridge3forets-chantilly.fr\/accueil\/","name":"ACCUEIL - C3F","isPartOf":{"@id":"https:\/\/clubbridge3forets-chantilly.fr\/accueil\/#website"},"datePublished":"2021-06-27T17:57:57+00:00","dateModified":"2026-04-29T08:33:33+00:00","breadcrumb":{"@id":"https:\/\/clubbridge3forets-chantilly.fr\/accueil\/#breadcrumb"},"inLanguage":"fr-FR","potentialAction":[{"@type":"ReadAction","target":["https:\/\/clubbridge3forets-chantilly.fr\/accueil\/"]}]},{"@type":"BreadcrumbList","@id":"https:\/\/clubbridge3forets-chantilly.fr\/accueil\/#breadcrumb","itemListElement":[{"@type":"ListItem","position":1,"name":"Accueil","item":"https:\/\/clubbridge3forets-chantilly.fr\/accueil\/"},{"@type":"ListItem","position":2,"name":"ACCUEIL"}]},{"@type":"WebSite","@id":"https:\/\/clubbridge3forets-chantilly.fr\/accueil\/#website","url":"https:\/\/clubbridge3forets-chantilly.fr\/accueil\/","name":"C3F","description":"Club de bridge des 3 for\u00eats","potentialAction":[{"@type":"SearchAction","target":{"@type":"EntryPoint","urlTemplate":"https:\/\/clubbridge3forets-chantilly.fr\/accueil\/?s={search_term_string}"},"query-input":{"@type":"PropertyValueSpecification","valueRequired":true,"valueName":"search_term_string"}}],"inLanguage":"fr-FR"}]}},"_links":{"self":[{"href":"https:\/\/clubbridge3forets-chantilly.fr\/accueil\/wp-json\/wp\/v2\/pages\/27","targetHints":{"allow":["GET"]}}],"collection":[{"href":"https:\/\/clubbridge3forets-chantilly.fr\/accueil\/wp-json\/wp\/v2\/pages"}],"about":[{"href":"https:\/\/clubbridge3forets-chantilly.fr\/accueil\/wp-json\/wp\/v2\/types\/page"}],"author":[{"embeddable":true,"href":"https:\/\/clubbridge3forets-chantilly.fr\/accueil\/wp-json\/wp\/v2\/users\/4"}],"replies":[{"embeddable":true,"href":"https:\/\/clubbridge3forets-chantilly.fr\/accueil\/wp-json\/wp\/v2\/comments?post=27"}],"version-history":[{"count":227,"href":"https:\/\/clubbridge3forets-chantilly.fr\/accueil\/wp-json\/wp\/v2\/pages\/27\/revisions"}],"predecessor-version":[{"id":1532,"href":"https:\/\/clubbridge3forets-chantilly.fr\/accueil\/wp-json\/wp\/v2\/pages\/27\/revisions\/1532"}],"wp:attachment":[{"href":"https:\/\/clubbridge3forets-chantilly.fr\/accueil\/wp-json\/wp\/v2\/media?parent=27"}],"curies":[{"name":"wp","href":"https:\/\/api.w.org\/{rel}","templated":true}]}}