{"id":131,"date":"2021-01-08T16:48:07","date_gmt":"2021-01-08T15:48:07","guid":{"rendered":"http:\/\/localhost\/C3F2021\/?page_id=131"},"modified":"2023-02-07T08:37:42","modified_gmt":"2023-02-07T07:37:42","slug":"tournois","status":"publish","type":"page","link":"https:\/\/clubbridge3forets-chantilly.fr\/accueil\/tournois\/","title":{"rendered":"Agenda -inscription"},"content":{"rendered":"<p><div class=\"fusion-fullwidth fullwidth-box fusion-builder-row-1 fusion-flex-container nonhundred-percent-fullwidth non-hundred-percent-height-scrolling\" style=\"--awb-border-radius-top-left:0px;--awb-border-radius-top-right:0px;--awb-border-radius-bottom-right:0px;--awb-border-radius-bottom-left:0px;--awb-min-height:1000px;--awb-flex-wrap:wrap;\" ><div class=\"fusion-builder-row fusion-row fusion-flex-align-items-flex-start fusion-flex-content-wrap\" style=\"max-width:1248;margin-left: calc(-4% \/ 2 );margin-right: calc(-4% \/ 2 );\"><div class=\"fusion-layout-column fusion_builder_column fusion-builder-column-0 fusion_builder_column_2_3 2_3 fusion-flex-column\" style=\"--awb-bg-size:cover;--awb-width-large:66.666666666667%;--awb-margin-top-large:30px;--awb-spacing-right-large:2.88%;--awb-margin-bottom-large:20px;--awb-spacing-left-large:2.88%;--awb-width-medium:66.666666666667%;--awb-order-medium:0;--awb-spacing-right-medium:2.88%;--awb-spacing-left-medium:2.88%;--awb-width-small:100%;--awb-order-small:0;--awb-spacing-right-small:1.92%;--awb-spacing-left-small:1.92%;\"><div class=\"fusion-column-wrapper fusion-column-has-shadow fusion-flex-justify-content-flex-start fusion-content-layout-column\"><div class=\"fusion-text fusion-text-1\"><p>L&rsquo;inscription \u00e0 un tournoi se fait par l&rsquo;interm\u00e9diaire de l&rsquo;agenda ci-dessous o\u00f9 sont indiqu\u00e9s les tournois \u00e0 venir par <a href=\"https:\/\/clubbridge3forets-chantilly.fr\/wp-content\/uploads\/2021\/05\/symTournois3.png\"><img decoding=\"async\" class=\"alignnone size-full wp-image-669\" src=\"https:\/\/clubbridge3forets-chantilly.fr\/wp-content\/uploads\/2021\/05\/symTournois3.png\" alt=\"\" width=\"20\" height=\"20\" \/><\/a>. Les \u00e9v\u00e9nements sont indiqu\u00e9s par <a href=\"https:\/\/clubbridge3forets-chantilly.fr\/wp-content\/uploads\/2021\/07\/star_favorite_5754.png\"><img decoding=\"async\" class=\"alignnone size-full wp-image-762\" src=\"https:\/\/clubbridge3forets-chantilly.fr\/wp-content\/uploads\/2021\/07\/star_favorite_5754.png\" alt=\"\" width=\"32\" height=\"32\" \/><\/a>.\u00a0 Les cours sont indiqu\u00e9s par <a href=\"https:\/\/clubbridge3forets-chantilly.fr\/wp-content\/uploads\/2023\/02\/Capture-decran-de-2022-12-24-12-15-13.png\"><img decoding=\"async\" class=\"alignnone wp-image-1171\" src=\"https:\/\/clubbridge3forets-chantilly.fr\/wp-content\/uploads\/2023\/02\/Capture-decran-de-2022-12-24-12-15-13.png\" alt=\"\" width=\"32\" height=\"32\" \/><\/a> . Les jours de courses sont indiqu\u00e9s par<a href=\"https:\/\/clubbridge3forets-chantilly.fr\/wp-content\/uploads\/2021\/07\/horse_riding_icon_180612.png\"><img decoding=\"async\" class=\"alignnone size-full wp-image-763\" src=\"https:\/\/clubbridge3forets-chantilly.fr\/wp-content\/uploads\/2021\/07\/horse_riding_icon_180612.png\" alt=\"\" width=\"32\" height=\"32\" \/><\/a>. Un clic sur la case correspondante \u00e0 la date choisie affiche les propri\u00e9t\u00e9s des tournois et \u00e9v\u00e9nements et <span style=\"color: #008000;\">permet l&rsquo;inscription au(x) tournoi(s) du jour.<\/span><\/p>\n<p>Pour voir l&rsquo;agenda du mois suivant, cliquer sur &gt;&gt;.<\/p>\n<\/div><div class=\"fusion-separator\" style=\"align-self: center;margin-left: auto;margin-right: auto;margin-top:30px;width:100%;max-width:10px;\"><div class=\"fusion-separator-border sep-double\" style=\"--awb-height:20px;--awb-amount:20px;border-color:#e2e2e2;border-top-width:1px;border-bottom-width:1px;\"><\/div><\/div><div class=\"fusion-text fusion-text-2\">\t\r\n\t<div class=\"bandeau_detail1\">\r\n\t<html>\r\n<head>\r\n<style>\r\ncaption \r\n{\r\n   font-family:\"lucida sans unicode\", Georgia, Serif !important;\r\n   font-weight: 600;\r\n   font-size: 18px !important;\r\n   color:#004C99;\r\n   line-height: 20px !important;\r\n\r\n}\r\n\r\ntable \r\n{\r\n   margin: auto; \r\n   border: 0px solid #878686 !important;\r\n   font-size: 14px;\r\n   background-color: #ffffff !important;\r\n   width: 100%;\r\n}\r\n\r\nth\r\n{\r\n   border: 0px solid #878686 !important;\r\n   background-color: #ffffff !important;\r\n   color:#004C99 !important;;\r\n   font-size: 14px;\r\n   font-family: \"Source Sans pro\", Georgia, Sherif;\r\n   width: 10%;\r\n}\r\n\r\n\r\ntable th {\r\n   \r\n\r\n    font-family:\"lucida sans unicode\", Georgia, Serif !important;\r\n    font-weight: 400 !important;\r\n    font-size: 14px !important;\r\n    line-height: 30px !important;\r\n    letter-spacing: 0px;\r\n\tpadding: 5px;\r\n    text-align: left;\r\n\tmargin:top:2px;\r\n}\r\n\t\r\ntd \r\n{\r\n}\r\n\t\r\n\r\n.lienCalendrierJour \r\n{\r\n\tbackground-color: #004C99 !important;\r\n\tborder: 2px solid #BBCCDD !important;\r\n   font-family: \"Source Sans pro\", Georgia, Serif;\r\n   font-size: 12px !important;\r\n   line-height: 30px !important;\r\n\tmargin-top:3px;\r\n   padding:5px;\r\n   color:#ffffff;\r\n\r\n\r\n}\r\n.lienCalendrierJour:hover \r\n{\r\n\tbackground-color: #D40227 !important;\r\n\tcolor:#ffffff;\r\n\tfont-weight: 600;\r\n}\r\n.lienCalendrier\r\n{\r\n\tbackground-color: #85C17E !important;\r\n\tcolor:#004C99 !important;\r\n\tmargin-top:3px;\r\n\ttext-align: left; \r\n\tborder: 2px solid #004C99 !important;\r\n   \tfont-family: \"Source Sans pro\", Georgia, Serif;\r\n   \tfont-size: 12px !important;\r\n   \tline-height: 30px !important;\r\n   \tpadding:5px;\r\n\r\n\r\n}\r\n.lienCalendrier:hover \r\n{\r\n\tbackground-color: #D40227 !important;\r\n\tcolor:#ffffff !important;\r\n\tfont-weight: 600;\r\n}\r\n\r\n<\/style>\r\n<\/head>\r\n<body>\r\n\r\n<table>\r\n\t<caption>\r\n\t\t<a href=\"?action=calendrier&equipe=&parammm=4&amp;paraman=2026\"><span class=\"calend\"><<<\/a><span class=\"calend\"> Mai 2026<\/span>  <a href=\"?action=calendrier&equipe=&parammm=6&amp;paraman=2026\"<span class=\"calend\">>><\/a>\t<\/caption>\r\n\t<tr>\r\n\t\t<th>\u00a0Lun.<\/th>\r\n\t\t<th>\u00a0Mar. <\/th>\r\n\t\t<th>\u00a0Mer. <\/th>\r\n\t\t<th>\u00a0Jeu. <\/th>\r\n\t\t<th>\u00a0Ven. <\/th>\r\n\t\t<th>\u00a0Sam. <\/th>\r\n\t\t<th>\u00a0Dim. <\/th>\r\n\t<\/tr>\r\n\t<tr><td><\/td><td><\/td><td><\/td><td><\/td><td><a href=\"https:\/\/clubbridge3forets-chantilly.fr\/accueil\/tournois\/?menu=&action=inscription&affich=oui&parammm=05&paraman=2026&paramjj=1\"<\/a><div class=\"lienCalendrier\">1<br> <br><\/div><\/td><td><a href=\"https:\/\/clubbridge3forets-chantilly.fr\/accueil\/tournois\/?menu=&action=inscription&affich=oui&parammm=05&paraman=2026&paramjj=2\"<\/a><div class=\"lienCalendrier\">2<br> <br><\/div><\/td><td><a href=\"https:\/\/clubbridge3forets-chantilly.fr\/accueil\/tournois\/?menu=&action=inscription&affich=oui&parammm=05&paraman=2026&paramjj=3\"<\/a><div class=\"lienCalendrier\">3<br> <br><\/div><\/td><\/tr><tr><td><a href=\"https:\/\/clubbridge3forets-chantilly.fr\/accueil\/tournois\/?menu=&action=inscription&affich=oui&parammm=05&paraman=2026&paramjj=4\"<\/a><div class=\"lienCalendrier\">4<br><img decoding=\"async\" style=\"\" src=\"https:\/\/clubbridge3forets-chantilly.fr\/wp-content\/uploads\/C3F\/symTournois3.png\" alt=\"test\"\/><img decoding=\"async\" style=\"\" src=\"https:\/\/clubbridge3forets-chantilly.fr\/wp-content\/uploads\/C3F\/symTournois3.png\" alt=\"test\"\/><\/div><\/td><td><a href=\"https:\/\/clubbridge3forets-chantilly.fr\/accueil\/tournois\/?menu=&action=inscription&affich=oui&parammm=05&paraman=2026&paramjj=5\"<\/a><div class=\"lienCalendrier\">5<br><img decoding=\"async\" style=\"\" src=\"https:\/\/clubbridge3forets-chantilly.fr\/wp-content\/uploads\/C3F\/symTournois3.png\" alt=\"test\"\/><\/div><\/td><td><a href=\"https:\/\/clubbridge3forets-chantilly.fr\/accueil\/tournois\/?menu=&action=inscription&affich=oui&parammm=05&paraman=2026&paramjj=6\"<\/a><div class=\"lienCalendrier\">6<br><br><\/div><\/td><td><a href=\"https:\/\/clubbridge3forets-chantilly.fr\/accueil\/tournois\/?menu=&action=inscription&affich=oui&parammm=05&paraman=2026&paramjj=7\"<\/a><div class=\"lienCalendrier\">7<br><br><\/div><\/td><td><a href=\"https:\/\/clubbridge3forets-chantilly.fr\/accueil\/tournois\/?menu=&action=inscription&affich=oui&parammm=05&paraman=2026&paramjj=8\"<\/a><div class=\"lienCalendrier\">8<br><br><\/div><\/td><td><a href=\"https:\/\/clubbridge3forets-chantilly.fr\/accueil\/tournois\/?menu=&action=inscription&affich=oui&parammm=05&paraman=2026&paramjj=9\"<\/a><div class=\"lienCalendrier\">9<br><br><\/div><\/td><td><a href=\"https:\/\/clubbridge3forets-chantilly.fr\/accueil\/tournois\/?menu=&action=inscription&affich=oui&parammm=05&paraman=2026&paramjj=10\"<\/a><div class=\"lienCalendrier\">10<br><br><\/div><\/td><\/tr><tr><td><a href=\"https:\/\/clubbridge3forets-chantilly.fr\/accueil\/tournois\/?menu=&action=inscription&affich=oui&parammm=05&paraman=2026&paramjj=11\"<\/a><div class=\"lienCalendrier\">11<br><img decoding=\"async\" style=\"\" src=\"https:\/\/clubbridge3forets-chantilly.fr\/wp-content\/uploads\/C3F\/symTournois3.png\" alt=\"test\"\/><img decoding=\"async\" style=\"\" src=\"https:\/\/clubbridge3forets-chantilly.fr\/wp-content\/uploads\/C3F\/symTournois3.png\" alt=\"test\"\/><\/div><\/td><td><a href=\"https:\/\/clubbridge3forets-chantilly.fr\/accueil\/tournois\/?menu=&action=inscription&affich=oui&parammm=05&paraman=2026&paramjj=12\"<\/a><div class=\"lienCalendrier\">12<br><img decoding=\"async\" style=\"\" src=\"https:\/\/clubbridge3forets-chantilly.fr\/wp-content\/uploads\/C3F\/symTournois3.png\" alt=\"test\"\/><\/div><\/td><td><a href=\"https:\/\/clubbridge3forets-chantilly.fr\/accueil\/tournois\/?menu=&action=inscription&affich=oui&parammm=05&paraman=2026&paramjj=13\"<\/a><div class=\"lienCalendrierJour\">13<br><br><\/div><\/td><td><a href=\"https:\/\/clubbridge3forets-chantilly.fr\/accueil\/tournois\/?menu=&action=inscription&affich=oui&parammm=05&paraman=2026&paramjj=14\"<\/a><div class=\"lienCalendrier\">14<br><br><\/div><\/td><td><a href=\"https:\/\/clubbridge3forets-chantilly.fr\/accueil\/tournois\/?menu=&action=inscription&affich=oui&parammm=05&paraman=2026&paramjj=15\"<\/a><div class=\"lienCalendrier\">15<br><br><\/div><\/td><td><a href=\"https:\/\/clubbridge3forets-chantilly.fr\/accueil\/tournois\/?menu=&action=inscription&affich=oui&parammm=05&paraman=2026&paramjj=16\"<\/a><div class=\"lienCalendrier\">16<br><br><\/div><\/td><td><a href=\"https:\/\/clubbridge3forets-chantilly.fr\/accueil\/tournois\/?menu=&action=inscription&affich=oui&parammm=05&paraman=2026&paramjj=17\"<\/a><div class=\"lienCalendrier\">17<br><br><\/div><\/td><\/tr><tr><td><a href=\"https:\/\/clubbridge3forets-chantilly.fr\/accueil\/tournois\/?menu=&action=inscription&affich=oui&parammm=05&paraman=2026&paramjj=18\"<\/a><div class=\"lienCalendrier\">18<br><img decoding=\"async\" style=\"\" src=\"https:\/\/clubbridge3forets-chantilly.fr\/wp-content\/uploads\/C3F\/symTournois3.png\" alt=\"test\"\/><img decoding=\"async\" style=\"\" src=\"https:\/\/clubbridge3forets-chantilly.fr\/wp-content\/uploads\/C3F\/symTournois3.png\" alt=\"test\"\/><\/div><\/td><td><a href=\"https:\/\/clubbridge3forets-chantilly.fr\/accueil\/tournois\/?menu=&action=inscription&affich=oui&parammm=05&paraman=2026&paramjj=19\"<\/a><div class=\"lienCalendrier\">19<br><img decoding=\"async\" style=\"\" src=\"https:\/\/clubbridge3forets-chantilly.fr\/wp-content\/uploads\/C3F\/symTournois3.png\" alt=\"test\"\/><img decoding=\"async\" style=\"\" src=\"https:\/\/clubbridge3forets-chantilly.fr\/wp-content\/uploads\/C3F\/horse_r20_20.png\" alt=\"test\"\/><\/div><\/td><td><a href=\"https:\/\/clubbridge3forets-chantilly.fr\/accueil\/tournois\/?menu=&action=inscription&affich=oui&parammm=05&paraman=2026&paramjj=20\"<\/a><div class=\"lienCalendrier\">20<br><br><\/div><\/td><td><a href=\"https:\/\/clubbridge3forets-chantilly.fr\/accueil\/tournois\/?menu=&action=inscription&affich=oui&parammm=05&paraman=2026&paramjj=21\"<\/a><div class=\"lienCalendrier\">21<br><br><\/div><\/td><td><a href=\"https:\/\/clubbridge3forets-chantilly.fr\/accueil\/tournois\/?menu=&action=inscription&affich=oui&parammm=05&paraman=2026&paramjj=22\"<\/a><div class=\"lienCalendrier\">22<br><br><\/div><\/td><td><a href=\"https:\/\/clubbridge3forets-chantilly.fr\/accueil\/tournois\/?menu=&action=inscription&affich=oui&parammm=05&paraman=2026&paramjj=23\"<\/a><div class=\"lienCalendrier\">23<br><br><\/div><\/td><td><a href=\"https:\/\/clubbridge3forets-chantilly.fr\/accueil\/tournois\/?menu=&action=inscription&affich=oui&parammm=05&paraman=2026&paramjj=24\"<\/a><div class=\"lienCalendrier\">24<br><br><\/div><\/td><\/tr><tr><td><a href=\"https:\/\/clubbridge3forets-chantilly.fr\/accueil\/tournois\/?menu=&action=inscription&affich=oui&parammm=05&paraman=2026&paramjj=25\"<\/a><div class=\"lienCalendrier\">25<br><br><\/div><\/td><td><a href=\"https:\/\/clubbridge3forets-chantilly.fr\/accueil\/tournois\/?menu=&action=inscription&affich=oui&parammm=05&paraman=2026&paramjj=26\"<\/a><div class=\"lienCalendrier\">26<br><img decoding=\"async\" style=\"\" src=\"https:\/\/clubbridge3forets-chantilly.fr\/wp-content\/uploads\/C3F\/symTournois3.png\" alt=\"test\"\/><\/div><\/td><td><a href=\"https:\/\/clubbridge3forets-chantilly.fr\/accueil\/tournois\/?menu=&action=inscription&affich=oui&parammm=05&paraman=2026&paramjj=27\"<\/a><div class=\"lienCalendrier\">27<br><br><\/div><\/td><td><a href=\"https:\/\/clubbridge3forets-chantilly.fr\/accueil\/tournois\/?menu=&action=inscription&affich=oui&parammm=05&paraman=2026&paramjj=28\"<\/a><div class=\"lienCalendrier\">28<br><br><\/div><\/td><td><a href=\"https:\/\/clubbridge3forets-chantilly.fr\/accueil\/tournois\/?menu=&action=inscription&affich=oui&parammm=05&paraman=2026&paramjj=29\"<\/a><div class=\"lienCalendrier\">29<br><br><\/div><\/td><td><a href=\"https:\/\/clubbridge3forets-chantilly.fr\/accueil\/tournois\/?menu=&action=inscription&affich=oui&parammm=05&paraman=2026&paramjj=30\"<\/a><div class=\"lienCalendrier\">30<br><br><\/div><\/td><td><a href=\"https:\/\/clubbridge3forets-chantilly.fr\/accueil\/tournois\/?menu=&action=inscription&affich=oui&parammm=05&paraman=2026&paramjj=31\"<\/a><div class=\"lienCalendrier\">31<br><br><\/div><\/td><\/tr><\/table>\r\n<\/body>\r\n<\/html>\r\n\t<\/div>\r\n\t\r\n\r\n\n<\/div><\/div><\/div><div class=\"fusion-layout-column fusion_builder_column fusion-builder-column-1 fusion_builder_column_1_3 1_3 fusion-flex-column\" style=\"--awb-bg-size:cover;--awb-width-large:33.333333333333%;--awb-margin-top-large:30px;--awb-spacing-right-large:5.76%;--awb-margin-bottom-large:20px;--awb-spacing-left-large:5.76%;--awb-width-medium:33.333333333333%;--awb-order-medium:0;--awb-spacing-right-medium:5.76%;--awb-spacing-left-medium:5.76%;--awb-width-small:100%;--awb-order-small:0;--awb-spacing-right-small:1.92%;--awb-spacing-left-small:1.92%;\"><div class=\"fusion-column-wrapper fusion-column-has-shadow fusion-flex-justify-content-flex-start fusion-content-layout-column\"><div class=\"fusion-text fusion-text-3\">\r\n\t\n<\/div><\/div><\/div><\/div><\/div><div class=\"fusion-fullwidth fullwidth-box fusion-builder-row-2 fusion-flex-container nonhundred-percent-fullwidth non-hundred-percent-height-scrolling\" style=\"--awb-border-radius-top-left:0px;--awb-border-radius-top-right:0px;--awb-border-radius-bottom-right:0px;--awb-border-radius-bottom-left:0px;--awb-flex-wrap:wrap;\" ><div class=\"fusion-builder-row fusion-row fusion-flex-align-items-flex-start fusion-flex-content-wrap\" style=\"max-width:1248;margin-left: calc(-4% \/ 2 );margin-right: calc(-4% \/ 2 );\"><\/div><\/div><\/p>\n","protected":false},"excerpt":{"rendered":"","protected":false},"author":4,"featured_media":0,"parent":0,"menu_order":0,"comment_status":"closed","ping_status":"closed","template":"","meta":{"footnotes":""},"class_list":["post-131","page","type-page","status-publish","hentry"],"yoast_head":"<!-- This site is optimized with the Yoast SEO plugin v27.6 - https:\/\/yoast.com\/product\/yoast-seo-wordpress\/ -->\n<title>Agenda -inscription - C3F<\/title>\n<meta name=\"robots\" content=\"index, follow, max-snippet:-1, max-image-preview:large, max-video-preview:-1\" \/>\n<link rel=\"canonical\" href=\"https:\/\/clubbridge3forets-chantilly.fr\/accueil\/tournois\/\" \/>\n<meta property=\"og:locale\" content=\"fr_FR\" \/>\n<meta property=\"og:type\" content=\"article\" \/>\n<meta property=\"og:title\" content=\"Agenda -inscription - C3F\" \/>\n<meta property=\"og:url\" content=\"https:\/\/clubbridge3forets-chantilly.fr\/accueil\/tournois\/\" \/>\n<meta property=\"og:site_name\" content=\"C3F\" \/>\n<meta property=\"article:modified_time\" content=\"2023-02-07T07:37:42+00:00\" \/>\n<meta property=\"og:image\" content=\"https:\/\/clubbridge3forets-chantilly.fr\/wp-content\/uploads\/2021\/05\/symTournois3.png\" \/>\n<meta name=\"twitter:label1\" content=\"Dur\u00e9e de lecture estim\u00e9e\" \/>\n\t<meta name=\"twitter:data1\" content=\"4 minutes\" \/>\n<script type=\"application\/ld+json\" class=\"yoast-schema-graph\">{\"@context\":\"https:\\\/\\\/schema.org\",\"@graph\":[{\"@type\":\"WebPage\",\"@id\":\"https:\\\/\\\/clubbridge3forets-chantilly.fr\\\/accueil\\\/tournois\\\/\",\"url\":\"https:\\\/\\\/clubbridge3forets-chantilly.fr\\\/accueil\\\/tournois\\\/\",\"name\":\"Agenda -inscription - C3F\",\"isPartOf\":{\"@id\":\"https:\\\/\\\/clubbridge3forets-chantilly.fr\\\/accueil\\\/#website\"},\"primaryImageOfPage\":{\"@id\":\"https:\\\/\\\/clubbridge3forets-chantilly.fr\\\/accueil\\\/tournois\\\/#primaryimage\"},\"image\":{\"@id\":\"https:\\\/\\\/clubbridge3forets-chantilly.fr\\\/accueil\\\/tournois\\\/#primaryimage\"},\"thumbnailUrl\":\"https:\\\/\\\/clubbridge3forets-chantilly.fr\\\/wp-content\\\/uploads\\\/2021\\\/05\\\/symTournois3.png\",\"datePublished\":\"2021-01-08T15:48:07+00:00\",\"dateModified\":\"2023-02-07T07:37:42+00:00\",\"breadcrumb\":{\"@id\":\"https:\\\/\\\/clubbridge3forets-chantilly.fr\\\/accueil\\\/tournois\\\/#breadcrumb\"},\"inLanguage\":\"fr-FR\",\"potentialAction\":[{\"@type\":\"ReadAction\",\"target\":[\"https:\\\/\\\/clubbridge3forets-chantilly.fr\\\/accueil\\\/tournois\\\/\"]}]},{\"@type\":\"ImageObject\",\"inLanguage\":\"fr-FR\",\"@id\":\"https:\\\/\\\/clubbridge3forets-chantilly.fr\\\/accueil\\\/tournois\\\/#primaryimage\",\"url\":\"https:\\\/\\\/clubbridge3forets-chantilly.fr\\\/wp-content\\\/uploads\\\/2021\\\/05\\\/symTournois3.png\",\"contentUrl\":\"https:\\\/\\\/clubbridge3forets-chantilly.fr\\\/wp-content\\\/uploads\\\/2021\\\/05\\\/symTournois3.png\"},{\"@type\":\"BreadcrumbList\",\"@id\":\"https:\\\/\\\/clubbridge3forets-chantilly.fr\\\/accueil\\\/tournois\\\/#breadcrumb\",\"itemListElement\":[{\"@type\":\"ListItem\",\"position\":1,\"name\":\"Accueil\",\"item\":\"https:\\\/\\\/clubbridge3forets-chantilly.fr\\\/accueil\\\/\"},{\"@type\":\"ListItem\",\"position\":2,\"name\":\"Agenda -inscription\"}]},{\"@type\":\"WebSite\",\"@id\":\"https:\\\/\\\/clubbridge3forets-chantilly.fr\\\/accueil\\\/#website\",\"url\":\"https:\\\/\\\/clubbridge3forets-chantilly.fr\\\/accueil\\\/\",\"name\":\"C3F\",\"description\":\"Club de bridge des 3 for\u00eats\",\"potentialAction\":[{\"@type\":\"SearchAction\",\"target\":{\"@type\":\"EntryPoint\",\"urlTemplate\":\"https:\\\/\\\/clubbridge3forets-chantilly.fr\\\/accueil\\\/?s={search_term_string}\"},\"query-input\":{\"@type\":\"PropertyValueSpecification\",\"valueRequired\":true,\"valueName\":\"search_term_string\"}}],\"inLanguage\":\"fr-FR\"}]}<\/script>\n<!-- \/ Yoast SEO plugin. -->","yoast_head_json":{"title":"Agenda -inscription - C3F","robots":{"index":"index","follow":"follow","max-snippet":"max-snippet:-1","max-image-preview":"max-image-preview:large","max-video-preview":"max-video-preview:-1"},"canonical":"https:\/\/clubbridge3forets-chantilly.fr\/accueil\/tournois\/","og_locale":"fr_FR","og_type":"article","og_title":"Agenda -inscription - C3F","og_url":"https:\/\/clubbridge3forets-chantilly.fr\/accueil\/tournois\/","og_site_name":"C3F","article_modified_time":"2023-02-07T07:37:42+00:00","og_image":[{"url":"https:\/\/clubbridge3forets-chantilly.fr\/wp-content\/uploads\/2021\/05\/symTournois3.png","type":"","width":"","height":""}],"twitter_misc":{"Dur\u00e9e de lecture estim\u00e9e":"4 minutes"},"schema":{"@context":"https:\/\/schema.org","@graph":[{"@type":"WebPage","@id":"https:\/\/clubbridge3forets-chantilly.fr\/accueil\/tournois\/","url":"https:\/\/clubbridge3forets-chantilly.fr\/accueil\/tournois\/","name":"Agenda -inscription - C3F","isPartOf":{"@id":"https:\/\/clubbridge3forets-chantilly.fr\/accueil\/#website"},"primaryImageOfPage":{"@id":"https:\/\/clubbridge3forets-chantilly.fr\/accueil\/tournois\/#primaryimage"},"image":{"@id":"https:\/\/clubbridge3forets-chantilly.fr\/accueil\/tournois\/#primaryimage"},"thumbnailUrl":"https:\/\/clubbridge3forets-chantilly.fr\/wp-content\/uploads\/2021\/05\/symTournois3.png","datePublished":"2021-01-08T15:48:07+00:00","dateModified":"2023-02-07T07:37:42+00:00","breadcrumb":{"@id":"https:\/\/clubbridge3forets-chantilly.fr\/accueil\/tournois\/#breadcrumb"},"inLanguage":"fr-FR","potentialAction":[{"@type":"ReadAction","target":["https:\/\/clubbridge3forets-chantilly.fr\/accueil\/tournois\/"]}]},{"@type":"ImageObject","inLanguage":"fr-FR","@id":"https:\/\/clubbridge3forets-chantilly.fr\/accueil\/tournois\/#primaryimage","url":"https:\/\/clubbridge3forets-chantilly.fr\/wp-content\/uploads\/2021\/05\/symTournois3.png","contentUrl":"https:\/\/clubbridge3forets-chantilly.fr\/wp-content\/uploads\/2021\/05\/symTournois3.png"},{"@type":"BreadcrumbList","@id":"https:\/\/clubbridge3forets-chantilly.fr\/accueil\/tournois\/#breadcrumb","itemListElement":[{"@type":"ListItem","position":1,"name":"Accueil","item":"https:\/\/clubbridge3forets-chantilly.fr\/accueil\/"},{"@type":"ListItem","position":2,"name":"Agenda -inscription"}]},{"@type":"WebSite","@id":"https:\/\/clubbridge3forets-chantilly.fr\/accueil\/#website","url":"https:\/\/clubbridge3forets-chantilly.fr\/accueil\/","name":"C3F","description":"Club de bridge des 3 for\u00eats","potentialAction":[{"@type":"SearchAction","target":{"@type":"EntryPoint","urlTemplate":"https:\/\/clubbridge3forets-chantilly.fr\/accueil\/?s={search_term_string}"},"query-input":{"@type":"PropertyValueSpecification","valueRequired":true,"valueName":"search_term_string"}}],"inLanguage":"fr-FR"}]}},"_links":{"self":[{"href":"https:\/\/clubbridge3forets-chantilly.fr\/accueil\/wp-json\/wp\/v2\/pages\/131","targetHints":{"allow":["GET"]}}],"collection":[{"href":"https:\/\/clubbridge3forets-chantilly.fr\/accueil\/wp-json\/wp\/v2\/pages"}],"about":[{"href":"https:\/\/clubbridge3forets-chantilly.fr\/accueil\/wp-json\/wp\/v2\/types\/page"}],"author":[{"embeddable":true,"href":"https:\/\/clubbridge3forets-chantilly.fr\/accueil\/wp-json\/wp\/v2\/users\/4"}],"replies":[{"embeddable":true,"href":"https:\/\/clubbridge3forets-chantilly.fr\/accueil\/wp-json\/wp\/v2\/comments?post=131"}],"version-history":[{"count":58,"href":"https:\/\/clubbridge3forets-chantilly.fr\/accueil\/wp-json\/wp\/v2\/pages\/131\/revisions"}],"predecessor-version":[{"id":1174,"href":"https:\/\/clubbridge3forets-chantilly.fr\/accueil\/wp-json\/wp\/v2\/pages\/131\/revisions\/1174"}],"wp:attachment":[{"href":"https:\/\/clubbridge3forets-chantilly.fr\/accueil\/wp-json\/wp\/v2\/media?parent=131"}],"curies":[{"name":"wp","href":"https:\/\/api.w.org\/{rel}","templated":true}]}}